{"id":8,"date":"2025-12-19T23:17:37","date_gmt":"2025-12-19T22:17:37","guid":{"rendered":"https:\/\/minigym.club\/?page_id=8"},"modified":"2026-04-03T18:31:09","modified_gmt":"2026-04-03T16:31:09","slug":"rezerwacje","status":"publish","type":"page","link":"https:\/\/minigym.club\/index.php\/rezerwacje\/","title":{"rendered":"Rezerwacje"},"content":{"rendered":"\n<p>Nasze studio treningowe mog\u0105 rezerwowa\u0107 zar\u00f3wno osoby prywatne jak te\u017c trenerzy, kt\u00f3rzy chc\u0105 zrealizowa\u0107 trening ze swoim klientem.<br><br><strong>Aktualny cennik za godzin\u0119 wynajmu studia na wy\u0142\u0105czno\u015b\u0107<\/strong> (nikt inny w tym okresie nie b\u0119dzie m\u00f3g\u0142 wynaj\u0105\u0107 studnia r\u00f3wnocze\u015bnie):<br>60&#8242; = 55z\u0142<br>120&#8242; = 100z\u0142<\/p>\n\n\n\n<p><strong>Aby zarezerwowa\u0107 sal\u0119 treningow\u0105<\/strong> oraz dokona\u0107 op\u0142aty wykonaj poni\u017csze kroki:<\/p>\n\n\n\n<p>&#8211; klikamy w link&nbsp;<a href=\"https:\/\/app.fitssey.com\/minigymclub\/frontoffice\/appointments\">https:\/\/app.fitssey.com\/minigymclub\/frontoffice\/appointments<\/a><br>&#8211; logujemy si\u0119 wybieraj\u0105c \u201ezaloguj si\u0119\u201d lub \u201ezapisz si\u0119\u201d (to przy pierwszej rejestracji do klubu)<br>&#8211; klikamy przycisk \u201ezapisz si\u0119\u201d (po prawo od wybranej wersji us\u0142ugi wynajmu sali na 1 godzin\u0119 lub 2 godziny)<br>&#8211; rezerwujemy us\u0142ug\u0119 uzupe\u0142niaj\u0105c pola<br>&#8211; klikamy bilet, aby si\u0119 zapisa\u0107<br>&#8211; dokonujemy przelewu przez \u201ePrzelewy24\u201d<br>&#8211; nasza rezerwacja b\u0119dzie widoczna w naszym profilu&nbsp;&#8211;&gt; z menu wybieramy \u201emoje us\u0142ugi\u201d.<br>Obok naszej rezerwacji pojawi si\u0119 symbol kluczyka, kt\u00f3ry naciskamy i przejdziemy do funkcji otwierania \/ zamykania drzwi (foto poni\u017cej)<\/p>\n\n\n\n<figure class=\"wp-block-image size-large is-resized\"><img loading=\"lazy\" decoding=\"async\" width=\"1024\" height=\"994\" src=\"https:\/\/minigym.club\/wp-content\/uploads\/2026\/03\/kluczyk_rezerwacyjny-1-1024x994.jpg\" alt=\"\" class=\"wp-image-260\" style=\"width:500px\" srcset=\"https:\/\/minigym.club\/wp-content\/uploads\/2026\/03\/kluczyk_rezerwacyjny-1-1024x994.jpg 1024w, https:\/\/minigym.club\/wp-content\/uploads\/2026\/03\/kluczyk_rezerwacyjny-1-300x291.jpg 300w, https:\/\/minigym.club\/wp-content\/uploads\/2026\/03\/kluczyk_rezerwacyjny-1-768x746.jpg 768w, https:\/\/minigym.club\/wp-content\/uploads\/2026\/03\/kluczyk_rezerwacyjny-1.jpg 1169w\" sizes=\"auto, (max-width: 1024px) 100vw, 1024px\" \/><figcaption class=\"wp-element-caption\">Screenshot<\/figcaption><\/figure>\n\n\n\n<p>&#8211; sala b\u0119dzie otwarta 5 minut przed terminem rezerwacji<br>&#8211; zamek samoczynnie zamyka si\u0119 po minucie od wej\u015bcia, ale mo\u017cna go otworzy\u0107 r\u0119cznie lub przez aplikacj\u0119 (przez aplikacj\u0119 tylko do czasu zako\u0144czenia rezerwacji). Aby otworzy\u0107 drzwi od \u015brodka r\u0119cznie nale\u017cy nacisn\u0105\u0107 bia\u0142e lico ga\u0142ki lub j\u0105 przekr\u0119ci\u0107 w lewo.<br>&#8211; po zako\u0144czonym treningu prosimy zgasi\u0107 \u015bwiat\u0142o i domkn\u0105\u0107 drzwi, a zamek po minucie zamknie si\u0119 automatycznie.<\/p>\n\n\n\n<p><strong>Aby zarezerwowa\u0107 miejsce na trening grupowy<\/strong> oraz dokona\u0107 op\u0142aty nale\u017cy wykona\u0107 poni\u017csze kroki:<br><br>&#8211; klikamy w link\u00a0<a href=\"https:\/\/app.fitssey.com\/minigymclub\/frontoffice\">https:\/\/app.fitssey.com\/minigymclub\/frontoffice<\/a><br>&#8211; w kalendarzu odszukujemy interesuj\u0105ce nas zaj\u0119cia<br>&#8211; klikamy przycisk &#8222;zaloguj si\u0119&#8221; widoczny pod wybranymi zaj\u0119ciami<br>&#8211; logujemy si\u0119 wybieraj\u0105c \u201ezaloguj si\u0119\u201d lub \u201ezapisz si\u0119\u201d (to przy pierwszej rejestracji do klubu)<br>&#8211; wybieramy rodzaj wej\u015bcia (jednorazowe lub karnet 4 wej\u015b\u0107)<br>&#8211; rezerwujemy us\u0142ug\u0119 uzupe\u0142niaj\u0105c pola<br>&#8211; dokonujemy przelewu przez \u201ePrzelewy24\u201d<br>&#8211; nasza rezerwacja b\u0119dzie widoczna w naszym profilu\u00a0&#8211;> z menu wybieramy \u201emoje grupy\u201d<br><br><strong>Aby zarezerwowa\u0107 trening indywidualny<\/strong> z trenerem prosimy o kontakt:<br>kontakt@minigym.club<br>tel.504238044 (trener Jacek)<\/p>\n","protected":false},"excerpt":{"rendered":"<p>Nasze studio treningowe mog\u0105 rezerwowa\u0107 zar\u00f3wno osoby prywatne jak te\u017c trenerzy, kt\u00f3rzy chc\u0105 zrealizowa\u0107 trening ze swoim klientem. Aktualny cennik za godzin\u0119 wynajmu studia na wy\u0142\u0105czno\u015b\u0107 (nikt inny w tym okresie nie b\u0119dzie m\u00f3g\u0142 wynaj\u0105\u0107 studnia r\u00f3wnocze\u015bnie):60&#8242; = 55z\u0142120&#8242; = 100z\u0142 Aby zarezerwowa\u0107 sal\u0119 treningow\u0105 oraz dokona\u0107 op\u0142aty wykonaj poni\u017csze kroki: &#8211; klikamy w link&nbsp;https:\/\/app.fitssey.com\/minigymclub\/frontoffice\/appointments&#8211; [&hellip;]<\/p>\n","protected":false},"author":1,"featured_media":0,"parent":0,"menu_order":0,"comment_status":"closed","ping_status":"closed","template":"","meta":{"footnotes":""},"class_list":["post-8","page","type-page","status-publish","hentry"],"_links":{"self":[{"href":"https:\/\/minigym.club\/index.php\/wp-json\/wp\/v2\/pages\/8","targetHints":{"allow":["GET"]}}],"collection":[{"href":"https:\/\/minigym.club\/index.php\/wp-json\/wp\/v2\/pages"}],"about":[{"href":"https:\/\/minigym.club\/index.php\/wp-json\/wp\/v2\/types\/page"}],"author":[{"embeddable":true,"href":"https:\/\/minigym.club\/index.php\/wp-json\/wp\/v2\/users\/1"}],"replies":[{"embeddable":true,"href":"https:\/\/minigym.club\/index.php\/wp-json\/wp\/v2\/comments?post=8"}],"version-history":[{"count":8,"href":"https:\/\/minigym.club\/index.php\/wp-json\/wp\/v2\/pages\/8\/revisions"}],"predecessor-version":[{"id":381,"href":"https:\/\/minigym.club\/index.php\/wp-json\/wp\/v2\/pages\/8\/revisions\/381"}],"wp:attachment":[{"href":"https:\/\/minigym.club\/index.php\/wp-json\/wp\/v2\/media?parent=8"}],"curies":[{"name":"wp","href":"https:\/\/api.w.org\/{rel}","templated":true}]}}