{"id":325,"date":"2026-03-25T15:59:28","date_gmt":"2026-03-25T14:59:28","guid":{"rendered":"https:\/\/minigym.club\/?page_id=325"},"modified":"2026-03-25T15:59:28","modified_gmt":"2026-03-25T14:59:28","slug":"karina-pindelska","status":"publish","type":"page","link":"https:\/\/minigym.club\/index.php\/karina-pindelska\/","title":{"rendered":"Karina Pindelska"},"content":{"rendered":"\n<p>Cze\u015b\u0107!<br>nazywam si\u0119 Karina Pindelska i jestem certyfikowan\u0105 trenerk\u0105 personaln\u0105, instruktork\u0105 fitness, dyplomow\u0105 dietetyczk\u0105 oraz trenerk\u0105 oddechu. <br>Uwa\u017cam, \u017ce holistyczne i realistyczne podej\u015bcie do aktywno\u015bci fizycznej i \u017cywienia to klucz do naszego dobrostanu.\u00a0<\/p>\n\n\n\n<p>Na ka\u017cdym spotkaniu zale\u017cy mi na dobrej energii i atmosferze, dlatego najwa\u017cniejsze dla mnie jest tworzenie bezpiecznej przestrzeni do treningu, w kt\u00f3rej wspieramy si\u0119 wzajemnie i d\u0105\u017cymy do osi\u0105gni\u0119cia swoich cel\u00f3w.&nbsp;<\/p>\n\n\n\n<p>Wed\u0142ug mnie, ka\u017cda osoba to nowa i zupe\u0142nie inna historia, dlatego do swoich podopiecznych podchodz\u0119 w indywidualny spos\u00f3b \u2013 je\u015bli chodzi zar\u00f3wno o aktywno\u015b\u0107 fizyczn\u0105, jak i diet\u0119.&nbsp;<\/p>\n\n\n\n<p>Zapraszam na zaj\u0119cia grupowe, jak i indywidualne. <br>Do zobaczenia!\u00a0<\/p>\n\n\n\n<figure class=\"wp-block-image size-large is-resized\"><img loading=\"lazy\" decoding=\"async\" width=\"814\" height=\"1024\" src=\"http:\/\/minigym.club\/wp-content\/uploads\/2025\/12\/karina_pindelska-814x1024.jpeg\" alt=\"\" class=\"wp-image-323\" style=\"width:500px\" srcset=\"https:\/\/minigym.club\/wp-content\/uploads\/2025\/12\/karina_pindelska-814x1024.jpeg 814w, https:\/\/minigym.club\/wp-content\/uploads\/2025\/12\/karina_pindelska-239x300.jpeg 239w, https:\/\/minigym.club\/wp-content\/uploads\/2025\/12\/karina_pindelska-768x966.jpeg 768w, https:\/\/minigym.club\/wp-content\/uploads\/2025\/12\/karina_pindelska.jpeg 1142w\" sizes=\"auto, (max-width: 814px) 100vw, 814px\" \/><\/figure>\n","protected":false},"excerpt":{"rendered":"<p>Cze\u015b\u0107!nazywam si\u0119 Karina Pindelska i jestem certyfikowan\u0105 trenerk\u0105 personaln\u0105, instruktork\u0105 fitness, dyplomow\u0105 dietetyczk\u0105 oraz trenerk\u0105 oddechu. Uwa\u017cam, \u017ce holistyczne i realistyczne podej\u015bcie do aktywno\u015bci fizycznej i \u017cywienia to klucz do naszego dobrostanu.\u00a0 Na ka\u017cdym spotkaniu zale\u017cy mi na dobrej energii i atmosferze, dlatego najwa\u017cniejsze dla mnie jest tworzenie bezpiecznej przestrzeni do treningu, w kt\u00f3rej wspieramy [&hellip;]<\/p>\n","protected":false},"author":1,"featured_media":0,"parent":0,"menu_order":0,"comment_status":"closed","ping_status":"closed","template":"","meta":{"footnotes":""},"class_list":["post-325","page","type-page","status-publish","hentry"],"_links":{"self":[{"href":"https:\/\/minigym.club\/index.php\/wp-json\/wp\/v2\/pages\/325","targetHints":{"allow":["GET"]}}],"collection":[{"href":"https:\/\/minigym.club\/index.php\/wp-json\/wp\/v2\/pages"}],"about":[{"href":"https:\/\/minigym.club\/index.php\/wp-json\/wp\/v2\/types\/page"}],"author":[{"embeddable":true,"href":"https:\/\/minigym.club\/index.php\/wp-json\/wp\/v2\/users\/1"}],"replies":[{"embeddable":true,"href":"https:\/\/minigym.club\/index.php\/wp-json\/wp\/v2\/comments?post=325"}],"version-history":[{"count":1,"href":"https:\/\/minigym.club\/index.php\/wp-json\/wp\/v2\/pages\/325\/revisions"}],"predecessor-version":[{"id":326,"href":"https:\/\/minigym.club\/index.php\/wp-json\/wp\/v2\/pages\/325\/revisions\/326"}],"wp:attachment":[{"href":"https:\/\/minigym.club\/index.php\/wp-json\/wp\/v2\/media?parent=325"}],"curies":[{"name":"wp","href":"https:\/\/api.w.org\/{rel}","templated":true}]}}