{"id":278,"date":"2026-03-14T12:36:31","date_gmt":"2026-03-14T11:36:31","guid":{"rendered":"https:\/\/minigym.club\/?page_id=278"},"modified":"2026-04-03T12:46:38","modified_gmt":"2026-04-03T10:46:38","slug":"ania-bartosik","status":"publish","type":"page","link":"https:\/\/minigym.club\/index.php\/ania-bartosik\/","title":{"rendered":"Ania Bartosik"},"content":{"rendered":"\n<p>Jestem certyfikowan\u0105 trenerk\u0105&nbsp;personaln\u0105&nbsp;z 20-letnim do\u015bwiadczeniem w bran\u017cy fitness. <br>Specjalizuj\u0119 si\u0119 w treningach dla kobiet, szczeg\u00f3lnie dojrza\u0142ych, pomagaj\u0105c im zadba\u0107 o zdrowie, form\u0119 i dobre samopoczucie. <br>Pracuj\u0119 holistycznie \u2013 dbam nie tylko o sprawno\u015b\u0107 fizyczn\u0105, doradzam w \u017cywieniu i suplementacji, ale tak\u017ce zwracam uwag\u0119 na r\u00f3wnowag\u0119 psychiczn\u0105 moich podopiecznych.<\/p>\n\n\n\n<p>Swoj\u0105 wiedz\u0119 i do\u015bwiadczenie wykorzystuj\u0119, aby wspiera\u0107 kobiety w radzeniu sobie ze zmianami zachodz\u0105cymi w ciele wraz z wiekiem. Z optymizmem oraz zaanga\u017cowaniem pomagam moim klientkom poprawi\u0107 jako\u015b\u0107 \u017cycia i poczu\u0107 si\u0119 atrakcyjnie. \u0141\u0105cz\u0119 tradycyjne metody treningowe z innowacyjnymi takimi jak EMS.<\/p>\n\n\n\n<figure class=\"wp-block-image size-large is-resized\"><img loading=\"lazy\" decoding=\"async\" width=\"819\" height=\"1024\" src=\"https:\/\/minigym.club\/wp-content\/uploads\/2026\/03\/DSC2243-819x1024.jpeg\" alt=\"\" class=\"wp-image-279\" style=\"width:500px\" srcset=\"https:\/\/minigym.club\/wp-content\/uploads\/2026\/03\/DSC2243-819x1024.jpeg 819w, https:\/\/minigym.club\/wp-content\/uploads\/2026\/03\/DSC2243-240x300.jpeg 240w, https:\/\/minigym.club\/wp-content\/uploads\/2026\/03\/DSC2243-768x960.jpeg 768w, https:\/\/minigym.club\/wp-content\/uploads\/2026\/03\/DSC2243-1229x1536.jpeg 1229w, https:\/\/minigym.club\/wp-content\/uploads\/2026\/03\/DSC2243-1638x2048.jpeg 1638w, https:\/\/minigym.club\/wp-content\/uploads\/2026\/03\/DSC2243-scaled.jpeg 2048w\" sizes=\"auto, (max-width: 819px) 100vw, 819px\" \/><\/figure>\n\n\n\n<p><strong>Opis treningu EMS<\/strong><\/p>\n\n\n\n<p>To&nbsp;innowacyjna metoda treningowa, niebywale skuteczna i&nbsp;efektywna, kt\u00f3rej zaufa\u0142o wielu sportowc\u00f3w i celebryt\u00f3w.&nbsp;<\/p>\n\n\n\n<p><strong>Wystarczy 20 minut, 1 raz w\u00a0tygodniu<\/strong>, \u017ceby\u00a0przyspieszy\u0107 proces osi\u0105gni\u0119cia wymarzonej sylwetki, nabra\u0107 energii, poczu\u0107 si\u0119 zdrowiej i pozby\u0107 b\u00f3lu plec\u00f3w. Ty\u00a0wykonujesz proste \u0107wiczenia pod\u00a0moim kierunkiem, a\u00a0precyzyjnie dobrany impuls elektryczny dodatkowo stymuluje mi\u0119\u015bnie\u00a0do\u00a0wi\u0119kszej pracy.\u00a0\u00a0<\/p>\n\n\n\n<p>Ka\u017cdy trening prowadz\u0119 z dba\u0142o\u015bci\u0105 o Twoje bezpiecze\u0144stwo i zdrowie. <br>Korzystam&nbsp;ze&nbsp;sprz\u0119tu z&nbsp;certyfikatem medycznym firmy MIHA BODYTEC.<\/p>\n\n\n\n<p>Trening trwa 20min.<\/p>\n\n\n\n<figure class=\"wp-block-image size-large is-resized\"><img loading=\"lazy\" decoding=\"async\" width=\"819\" height=\"1024\" src=\"https:\/\/minigym.club\/wp-content\/uploads\/2026\/03\/DSC7947-819x1024.jpeg\" alt=\"\" class=\"wp-image-280\" style=\"width:500px\" srcset=\"https:\/\/minigym.club\/wp-content\/uploads\/2026\/03\/DSC7947-819x1024.jpeg 819w, https:\/\/minigym.club\/wp-content\/uploads\/2026\/03\/DSC7947-240x300.jpeg 240w, https:\/\/minigym.club\/wp-content\/uploads\/2026\/03\/DSC7947-768x960.jpeg 768w, https:\/\/minigym.club\/wp-content\/uploads\/2026\/03\/DSC7947-1229x1536.jpeg 1229w, https:\/\/minigym.club\/wp-content\/uploads\/2026\/03\/DSC7947-1638x2048.jpeg 1638w, https:\/\/minigym.club\/wp-content\/uploads\/2026\/03\/DSC7947-scaled.jpeg 2048w\" sizes=\"auto, (max-width: 819px) 100vw, 819px\" \/><\/figure>\n\n\n\n<figure class=\"wp-block-image size-large is-resized\"><img loading=\"lazy\" decoding=\"async\" width=\"819\" height=\"1024\" src=\"https:\/\/minigym.club\/wp-content\/uploads\/2026\/03\/DSC7944-819x1024.jpeg\" alt=\"\" class=\"wp-image-281\" style=\"width:500px\" srcset=\"https:\/\/minigym.club\/wp-content\/uploads\/2026\/03\/DSC7944-819x1024.jpeg 819w, https:\/\/minigym.club\/wp-content\/uploads\/2026\/03\/DSC7944-240x300.jpeg 240w, https:\/\/minigym.club\/wp-content\/uploads\/2026\/03\/DSC7944-768x960.jpeg 768w, https:\/\/minigym.club\/wp-content\/uploads\/2026\/03\/DSC7944-1229x1536.jpeg 1229w, https:\/\/minigym.club\/wp-content\/uploads\/2026\/03\/DSC7944-1638x2048.jpeg 1638w, https:\/\/minigym.club\/wp-content\/uploads\/2026\/03\/DSC7944-scaled.jpeg 2048w\" sizes=\"auto, (max-width: 819px) 100vw, 819px\" \/><\/figure>\n\n\n\n<figure class=\"wp-block-image size-large is-resized\"><img loading=\"lazy\" decoding=\"async\" width=\"819\" height=\"1024\" src=\"https:\/\/minigym.club\/wp-content\/uploads\/2026\/03\/DSC7941-1-819x1024.jpeg\" alt=\"\" class=\"wp-image-282\" style=\"width:500px\" srcset=\"https:\/\/minigym.club\/wp-content\/uploads\/2026\/03\/DSC7941-1-819x1024.jpeg 819w, https:\/\/minigym.club\/wp-content\/uploads\/2026\/03\/DSC7941-1-240x300.jpeg 240w, https:\/\/minigym.club\/wp-content\/uploads\/2026\/03\/DSC7941-1-768x960.jpeg 768w, https:\/\/minigym.club\/wp-content\/uploads\/2026\/03\/DSC7941-1-1229x1536.jpeg 1229w, https:\/\/minigym.club\/wp-content\/uploads\/2026\/03\/DSC7941-1-1638x2048.jpeg 1638w, https:\/\/minigym.club\/wp-content\/uploads\/2026\/03\/DSC7941-1-scaled.jpeg 2048w\" sizes=\"auto, (max-width: 819px) 100vw, 819px\" \/><\/figure>\n\n\n\n<p><\/p>\n","protected":false},"excerpt":{"rendered":"<p>Jestem certyfikowan\u0105 trenerk\u0105&nbsp;personaln\u0105&nbsp;z 20-letnim do\u015bwiadczeniem w bran\u017cy fitness. Specjalizuj\u0119 si\u0119 w treningach dla kobiet, szczeg\u00f3lnie dojrza\u0142ych, pomagaj\u0105c im zadba\u0107 o zdrowie, form\u0119 i dobre samopoczucie. Pracuj\u0119 holistycznie \u2013 dbam nie tylko o sprawno\u015b\u0107 fizyczn\u0105, doradzam w \u017cywieniu i suplementacji, ale tak\u017ce zwracam uwag\u0119 na r\u00f3wnowag\u0119 psychiczn\u0105 moich podopiecznych. Swoj\u0105 wiedz\u0119 i do\u015bwiadczenie wykorzystuj\u0119, aby wspiera\u0107 [&hellip;]<\/p>\n","protected":false},"author":1,"featured_media":0,"parent":0,"menu_order":0,"comment_status":"closed","ping_status":"closed","template":"","meta":{"footnotes":""},"class_list":["post-278","page","type-page","status-publish","hentry"],"_links":{"self":[{"href":"https:\/\/minigym.club\/index.php\/wp-json\/wp\/v2\/pages\/278","targetHints":{"allow":["GET"]}}],"collection":[{"href":"https:\/\/minigym.club\/index.php\/wp-json\/wp\/v2\/pages"}],"about":[{"href":"https:\/\/minigym.club\/index.php\/wp-json\/wp\/v2\/types\/page"}],"author":[{"embeddable":true,"href":"https:\/\/minigym.club\/index.php\/wp-json\/wp\/v2\/users\/1"}],"replies":[{"embeddable":true,"href":"https:\/\/minigym.club\/index.php\/wp-json\/wp\/v2\/comments?post=278"}],"version-history":[{"count":3,"href":"https:\/\/minigym.club\/index.php\/wp-json\/wp\/v2\/pages\/278\/revisions"}],"predecessor-version":[{"id":371,"href":"https:\/\/minigym.club\/index.php\/wp-json\/wp\/v2\/pages\/278\/revisions\/371"}],"wp:attachment":[{"href":"https:\/\/minigym.club\/index.php\/wp-json\/wp\/v2\/media?parent=278"}],"curies":[{"name":"wp","href":"https:\/\/api.w.org\/{rel}","templated":true}]}}