{"id":179,"date":"2026-02-07T17:53:27","date_gmt":"2026-02-07T16:53:27","guid":{"rendered":"https:\/\/minigym.club\/?page_id=179"},"modified":"2026-03-06T18:30:47","modified_gmt":"2026-03-06T17:30:47","slug":"wyposazenie_minigym","status":"publish","type":"page","link":"https:\/\/minigym.club\/index.php\/wyposazenie_minigym\/","title":{"rendered":"Wyposa\u017cenie minigym"},"content":{"rendered":"\n<p><strong>Studio treningowe miniGYM zosta\u0142o stworzone przez trener\u00f3w dla trener\u00f3w oraz os\u00f3b indywidualnych, kt\u00f3re w komfortowych warunkach z u\u017cyciem najwy\u017cszej jako\u015bci sprz\u0119tu chc\u0105 wej\u015b\u0107 na wy\u017cszy poziom!<\/strong><\/p>\n\n\n\n<p>Wyposa\u017cenie:<\/p>\n\n\n\n<p><strong>Brama Gymost L101 + suwnica Smitha + Dual Crossover<\/strong>.<br>To profesjonalny sprz\u0119t si\u0142owy \u0142\u0105cz\u0105cy funkcjonalno\u015b\u0107 Maszyny Smitha i wyci\u0105gu Dual Crossover.&nbsp;<br>Zapewnia pe\u0142en zakres \u0107wicze\u0144 na wszystkie grupy mi\u0119\u015bniowe. Kreatywny trener potrafi na tym urz\u0105dzeniu wykona\u0107 ponad 100 r\u00f3\u017cnych \u0107wicze\u0144.<br>Suwnic\u0119 Smitha wybrali\u015bmy r\u00f3wnie\u017c dlatego, \u017ce daje m.in. maksymalne bezpiecze\u0144stwo i komfort wykonywanych \u0107wicze\u0144 nawet u os\u00f3b pocz\u0105tkuj\u0105cych.<br>Suwnica Smitha prowadzi sztang\u0119 pionowo, a gryf posiada zaczepy. Zapewnia to bezpiecze\u0144stwo i stabilizacj\u0119, eliminuj\u0105c potrzeb\u0119 asekuracji. Pozwala na izolacj\u0119 mi\u0119\u015bni (klatka, po\u015bladki, nogi, barki), precyzyjn\u0105 technik\u0119 oraz bezpieczn\u0105 progresj\u0119 ci\u0119\u017caru.<br>Waga gryfu w suwnicy 10kg.<br>Stos: 2 x 90kg.<br><br>Na bramie treningowej mo\u017cemy r\u00f3wnie\u017c \u0142atwo, samodzielnie zamontowa\u0107 ramiona, na kt\u00f3rych mo\u017cna po\u0142o\u017cy\u0107 inne gryfy, za\u0142o\u017cy\u0107 odpowiednie talerze i wykonywa\u0107 swoje ulubione \u0107wiczenia.<\/p>\n\n\n\n<figure class=\"wp-block-image size-large is-resized\"><img loading=\"lazy\" decoding=\"async\" width=\"1024\" height=\"770\" src=\"https:\/\/minigym.club\/wp-content\/uploads\/2026\/02\/brama-gymost-maszyna-smitha1-1024x770.jpg\" alt=\"\" class=\"wp-image-180\" style=\"width:800px\" srcset=\"https:\/\/minigym.club\/wp-content\/uploads\/2026\/02\/brama-gymost-maszyna-smitha1-1024x770.jpg 1024w, https:\/\/minigym.club\/wp-content\/uploads\/2026\/02\/brama-gymost-maszyna-smitha1-300x226.jpg 300w, https:\/\/minigym.club\/wp-content\/uploads\/2026\/02\/brama-gymost-maszyna-smitha1-768x578.jpg 768w, https:\/\/minigym.club\/wp-content\/uploads\/2026\/02\/brama-gymost-maszyna-smitha1-1536x1156.jpg 1536w, https:\/\/minigym.club\/wp-content\/uploads\/2026\/02\/brama-gymost-maszyna-smitha1.jpg 1595w\" sizes=\"auto, (max-width: 1024px) 100vw, 1024px\" \/><\/figure>\n\n\n\n<figure class=\"wp-block-image size-large is-resized\"><img loading=\"lazy\" decoding=\"async\" width=\"1024\" height=\"683\" src=\"https:\/\/minigym.club\/wp-content\/uploads\/2026\/02\/brama-gymost-maszyna-smitha2-1024x683.jpg\" alt=\"\" class=\"wp-image-181\" style=\"width:800px\" srcset=\"https:\/\/minigym.club\/wp-content\/uploads\/2026\/02\/brama-gymost-maszyna-smitha2-1024x683.jpg 1024w, https:\/\/minigym.club\/wp-content\/uploads\/2026\/02\/brama-gymost-maszyna-smitha2-300x200.jpg 300w, https:\/\/minigym.club\/wp-content\/uploads\/2026\/02\/brama-gymost-maszyna-smitha2-768x512.jpg 768w, https:\/\/minigym.club\/wp-content\/uploads\/2026\/02\/brama-gymost-maszyna-smitha2-1536x1024.jpg 1536w, https:\/\/minigym.club\/wp-content\/uploads\/2026\/02\/brama-gymost-maszyna-smitha2.jpg 1600w\" sizes=\"auto, (max-width: 1024px) 100vw, 1024px\" \/><\/figure>\n\n\n\n<p><strong>Maszyna stosowa Leg Extension \/ Leg Curl L303 Gymost<\/strong><br>Maszyna na nogi.<br>Stos: 90kg.<\/p>\n\n\n\n<figure class=\"wp-block-image size-full is-resized\"><img loading=\"lazy\" decoding=\"async\" width=\"852\" height=\"852\" src=\"https:\/\/minigym.club\/wp-content\/uploads\/2026\/02\/maszyna-na-nogi-l303-gymost.webp\" alt=\"\" class=\"wp-image-182\" style=\"width:500px\" srcset=\"https:\/\/minigym.club\/wp-content\/uploads\/2026\/02\/maszyna-na-nogi-l303-gymost.webp 852w, https:\/\/minigym.club\/wp-content\/uploads\/2026\/02\/maszyna-na-nogi-l303-gymost-300x300.webp 300w, https:\/\/minigym.club\/wp-content\/uploads\/2026\/02\/maszyna-na-nogi-l303-gymost-150x150.webp 150w, https:\/\/minigym.club\/wp-content\/uploads\/2026\/02\/maszyna-na-nogi-l303-gymost-768x768.webp 768w\" sizes=\"auto, (max-width: 852px) 100vw, 852px\" \/><\/figure>\n\n\n\n<p><\/p>\n\n\n\n<p><strong>Pozosta\u0142y sprz\u0119t do treningu si\u0142owego m.in.:<\/strong><br><br>Hantle 1kg &#8211; 25kg<\/p>\n\n\n\n<figure class=\"wp-block-image size-large is-resized\"><img loading=\"lazy\" decoding=\"async\" width=\"1024\" height=\"996\" src=\"https:\/\/minigym.club\/wp-content\/uploads\/2026\/02\/hantle_hex-25-25-1024x996.jpeg\" alt=\"\" class=\"wp-image-198\" style=\"width:500px\" srcset=\"https:\/\/minigym.club\/wp-content\/uploads\/2026\/02\/hantle_hex-25-25-1024x996.jpeg 1024w, https:\/\/minigym.club\/wp-content\/uploads\/2026\/02\/hantle_hex-25-25-300x292.jpeg 300w, https:\/\/minigym.club\/wp-content\/uploads\/2026\/02\/hantle_hex-25-25-768x747.jpeg 768w, https:\/\/minigym.club\/wp-content\/uploads\/2026\/02\/hantle_hex-25-25.jpeg 1200w\" sizes=\"auto, (max-width: 1024px) 100vw, 1024px\" \/><\/figure>\n\n\n\n<p><br>Kettle 4kg &#8211; 24kg<br><\/p>\n\n\n\n<figure class=\"wp-block-image size-large is-resized\"><img loading=\"lazy\" decoding=\"async\" width=\"1024\" height=\"1024\" src=\"http:\/\/minigym.club\/wp-content\/uploads\/2026\/02\/taurus-kettlebell-premium-4-24-1024x1024.jpg\" alt=\"\" class=\"wp-image-199\" style=\"width:500px\" srcset=\"https:\/\/minigym.club\/wp-content\/uploads\/2026\/02\/taurus-kettlebell-premium-4-24-1024x1024.jpg 1024w, https:\/\/minigym.club\/wp-content\/uploads\/2026\/02\/taurus-kettlebell-premium-4-24-300x300.jpg 300w, https:\/\/minigym.club\/wp-content\/uploads\/2026\/02\/taurus-kettlebell-premium-4-24-150x150.jpg 150w, https:\/\/minigym.club\/wp-content\/uploads\/2026\/02\/taurus-kettlebell-premium-4-24-768x768.jpg 768w, https:\/\/minigym.club\/wp-content\/uploads\/2026\/02\/taurus-kettlebell-premium-4-24-1536x1536.jpg 1536w, https:\/\/minigym.club\/wp-content\/uploads\/2026\/02\/taurus-kettlebell-premium-4-24.jpg 1600w\" sizes=\"auto, (max-width: 1024px) 100vw, 1024px\" \/><\/figure>\n\n\n\n<p><\/p>\n\n\n\n<p>Gryf olimpijski 20kg<br><\/p>\n\n\n\n<figure class=\"wp-block-image size-large is-resized\"><img loading=\"lazy\" decoding=\"async\" width=\"1024\" height=\"1024\" src=\"https:\/\/minigym.club\/wp-content\/uploads\/2026\/02\/gryf-olimpijski-20kg-1-1024x1024.webp\" alt=\"\" class=\"wp-image-201\" style=\"width:500px\" srcset=\"https:\/\/minigym.club\/wp-content\/uploads\/2026\/02\/gryf-olimpijski-20kg-1-1024x1024.webp 1024w, https:\/\/minigym.club\/wp-content\/uploads\/2026\/02\/gryf-olimpijski-20kg-1-300x300.webp 300w, https:\/\/minigym.club\/wp-content\/uploads\/2026\/02\/gryf-olimpijski-20kg-1-150x150.webp 150w, https:\/\/minigym.club\/wp-content\/uploads\/2026\/02\/gryf-olimpijski-20kg-1-768x768.webp 768w, https:\/\/minigym.club\/wp-content\/uploads\/2026\/02\/gryf-olimpijski-20kg-1-1536x1536.webp 1536w, https:\/\/minigym.club\/wp-content\/uploads\/2026\/02\/gryf-olimpijski-20kg-1.webp 2000w\" sizes=\"auto, (max-width: 1024px) 100vw, 1024px\" \/><\/figure>\n\n\n\n<p><\/p>\n\n\n\n<p>Gryf olimpijski 16kg<br><\/p>\n\n\n\n<figure class=\"wp-block-image size-large is-resized\"><img loading=\"lazy\" decoding=\"async\" width=\"1024\" height=\"1024\" src=\"https:\/\/minigym.club\/wp-content\/uploads\/2026\/02\/gryf-olimpijski-16kg-1024x1024.webp\" alt=\"\" class=\"wp-image-202\" style=\"width:500px\" srcset=\"https:\/\/minigym.club\/wp-content\/uploads\/2026\/02\/gryf-olimpijski-16kg-1024x1024.webp 1024w, https:\/\/minigym.club\/wp-content\/uploads\/2026\/02\/gryf-olimpijski-16kg-300x300.webp 300w, https:\/\/minigym.club\/wp-content\/uploads\/2026\/02\/gryf-olimpijski-16kg-150x150.webp 150w, https:\/\/minigym.club\/wp-content\/uploads\/2026\/02\/gryf-olimpijski-16kg-768x768.webp 768w, https:\/\/minigym.club\/wp-content\/uploads\/2026\/02\/gryf-olimpijski-16kg.webp 1200w\" sizes=\"auto, (max-width: 1024px) 100vw, 1024px\" \/><\/figure>\n\n\n\n<p><br>Gryf olimpijski 10kg<br><\/p>\n\n\n\n<figure class=\"wp-block-image size-large is-resized\"><img loading=\"lazy\" decoding=\"async\" width=\"1024\" height=\"1024\" src=\"http:\/\/minigym.club\/wp-content\/uploads\/2026\/02\/gryf-olimpijski-10kg-1024x1024.webp\" alt=\"\" class=\"wp-image-203\" style=\"width:500px\" srcset=\"https:\/\/minigym.club\/wp-content\/uploads\/2026\/02\/gryf-olimpijski-10kg-1024x1024.webp 1024w, https:\/\/minigym.club\/wp-content\/uploads\/2026\/02\/gryf-olimpijski-10kg-300x300.webp 300w, https:\/\/minigym.club\/wp-content\/uploads\/2026\/02\/gryf-olimpijski-10kg-150x150.webp 150w, https:\/\/minigym.club\/wp-content\/uploads\/2026\/02\/gryf-olimpijski-10kg-768x768.webp 768w, https:\/\/minigym.club\/wp-content\/uploads\/2026\/02\/gryf-olimpijski-10kg.webp 1200w\" sizes=\"auto, (max-width: 1024px) 100vw, 1024px\" \/><\/figure>\n\n\n\n<p>Gryf \u0142amany 7kg<br><\/p>\n\n\n\n<figure class=\"wp-block-image size-large is-resized\"><img loading=\"lazy\" decoding=\"async\" width=\"1024\" height=\"1024\" src=\"https:\/\/minigym.club\/wp-content\/uploads\/2026\/02\/gryf-olimpijski-lamany-7kg-1024x1024.webp\" alt=\"\" class=\"wp-image-204\" style=\"width:500px\" srcset=\"https:\/\/minigym.club\/wp-content\/uploads\/2026\/02\/gryf-olimpijski-lamany-7kg-1024x1024.webp 1024w, https:\/\/minigym.club\/wp-content\/uploads\/2026\/02\/gryf-olimpijski-lamany-7kg-300x300.webp 300w, https:\/\/minigym.club\/wp-content\/uploads\/2026\/02\/gryf-olimpijski-lamany-7kg-150x150.webp 150w, https:\/\/minigym.club\/wp-content\/uploads\/2026\/02\/gryf-olimpijski-lamany-7kg-768x768.webp 768w, https:\/\/minigym.club\/wp-content\/uploads\/2026\/02\/gryf-olimpijski-lamany-7kg-1536x1536.webp 1536w, https:\/\/minigym.club\/wp-content\/uploads\/2026\/02\/gryf-olimpijski-lamany-7kg.webp 2000w\" sizes=\"auto, (max-width: 1024px) 100vw, 1024px\" \/><\/figure>\n\n\n\n<p><br>Gryf heksagonalny &#8222;trap bar&#8221; &#8211; do martwego ci\u0105gu 28kg<\/p>\n\n\n\n<figure class=\"wp-block-image size-large is-resized\"><img loading=\"lazy\" decoding=\"async\" width=\"1024\" height=\"1024\" src=\"https:\/\/minigym.club\/wp-content\/uploads\/2026\/02\/gryf-heksagonalny_trap-bar-28kg-1024x1024.webp\" alt=\"\" class=\"wp-image-205\" style=\"width:500px\" srcset=\"https:\/\/minigym.club\/wp-content\/uploads\/2026\/02\/gryf-heksagonalny_trap-bar-28kg-1024x1024.webp 1024w, https:\/\/minigym.club\/wp-content\/uploads\/2026\/02\/gryf-heksagonalny_trap-bar-28kg-300x300.webp 300w, https:\/\/minigym.club\/wp-content\/uploads\/2026\/02\/gryf-heksagonalny_trap-bar-28kg-150x150.webp 150w, https:\/\/minigym.club\/wp-content\/uploads\/2026\/02\/gryf-heksagonalny_trap-bar-28kg-768x768.webp 768w, https:\/\/minigym.club\/wp-content\/uploads\/2026\/02\/gryf-heksagonalny_trap-bar-28kg.webp 1200w\" sizes=\"auto, (max-width: 1024px) 100vw, 1024px\" \/><\/figure>\n\n\n\n<p>A ponadto:<br>&#8211; talerze 2,5kg &#8211; 25kg<br>&#8211; pi\u0142ki lekarskie 1kg &#8211; 5kg<br>&#8211; hantelki fitness<br>&#8211; lina 12kg<br>&#8211; stepy reebok<br>&#8211; Trx<br>&#8211; mini bandy<br>&#8211; gumy fitness<br>&#8211; pi\u0142ka do balansowania HMS Premium (bosu)<br>&#8211; pi\u0142ka rehabilitacyjna<br>&#8211; poduszki sensomotoryczne<br>&#8211; p\u0142otki<br>&#8211; maty<br>&#8211; skrzynia plyometryczna &#8230;<\/p>\n\n\n\n<p>&#8230; i wiele, wiele innych narz\u0119dzi potrzebnych do prowadzenia profesjonalnych trening\u00f3w.<\/p>\n\n\n\n<p><\/p>\n\n\n\n<p class=\"has-text-align-left\"><strong>Urz\u0105dzenia strefy cardio:<\/strong><\/p>\n\n\n\n<p><strong>Bie\u017cnia Treningowa 6835 LED Gymost<\/strong>.<br>Profesjonalna bie\u017cnia z silnikiem AC i zakresem pr\u0119dko\u015bci do 22 km\/h oraz k\u0105tem nachylenia do 15%. <br>Wyposa\u017cona w 7-okienkowy wy\u015bwietlacz LED i 36 program\u00f3w treningowych.<\/p>\n\n\n\n<figure class=\"wp-block-image size-large is-resized\"><img loading=\"lazy\" decoding=\"async\" width=\"1024\" height=\"1024\" src=\"https:\/\/minigym.club\/wp-content\/uploads\/2026\/02\/bieznia-treningowa-6835-gymost-1024x1024.jpg\" alt=\"\" class=\"wp-image-183\" style=\"width:800px\" srcset=\"https:\/\/minigym.club\/wp-content\/uploads\/2026\/02\/bieznia-treningowa-6835-gymost-1024x1024.jpg 1024w, https:\/\/minigym.club\/wp-content\/uploads\/2026\/02\/bieznia-treningowa-6835-gymost-300x300.jpg 300w, https:\/\/minigym.club\/wp-content\/uploads\/2026\/02\/bieznia-treningowa-6835-gymost-150x150.jpg 150w, https:\/\/minigym.club\/wp-content\/uploads\/2026\/02\/bieznia-treningowa-6835-gymost-768x768.jpg 768w, https:\/\/minigym.club\/wp-content\/uploads\/2026\/02\/bieznia-treningowa-6835-gymost.jpg 1200w\" sizes=\"auto, (max-width: 1024px) 100vw, 1024px\" \/><\/figure>\n\n\n\n<p><strong>Ergometr wio\u015blarski RWX Air 5000 Toorx.<\/strong><br>Powietrzny system oporu (10 poziom\u00f3w) gwarantuje realne wra\u017cenia z treningu.<br>Ergonomiczne, regulowane peda\u0142y.<br>Wy\u015bwietlacz LCD.<br>Funkcje: ilo\u015b\u0107 poci\u0105gni\u0119\u0107\/min, kalorie, czas, dystans, d\u0142ugo\u015b\u0107 , czas\/500m i.in.<br>Programy: game, czas, dystans, kalorie, 3 Interwa\u0142y (1-99 cykli) + programy u\u017cytkownika.<\/p>\n\n\n\n<figure class=\"wp-block-image size-large is-resized\"><img loading=\"lazy\" decoding=\"async\" width=\"1024\" height=\"576\" src=\"https:\/\/minigym.club\/wp-content\/uploads\/2026\/02\/ergometr-wioslarz-rwx-air-5000-toorx-1024x576.jpg\" alt=\"\" class=\"wp-image-184\" style=\"width:800px\" srcset=\"https:\/\/minigym.club\/wp-content\/uploads\/2026\/02\/ergometr-wioslarz-rwx-air-5000-toorx-1024x576.jpg 1024w, https:\/\/minigym.club\/wp-content\/uploads\/2026\/02\/ergometr-wioslarz-rwx-air-5000-toorx-300x169.jpg 300w, https:\/\/minigym.club\/wp-content\/uploads\/2026\/02\/ergometr-wioslarz-rwx-air-5000-toorx-768x432.jpg 768w, https:\/\/minigym.club\/wp-content\/uploads\/2026\/02\/ergometr-wioslarz-rwx-air-5000-toorx-1536x864.jpg 1536w, https:\/\/minigym.club\/wp-content\/uploads\/2026\/02\/ergometr-wioslarz-rwx-air-5000-toorx.jpg 1600w\" sizes=\"auto, (max-width: 1024px) 100vw, 1024px\" \/><\/figure>\n\n\n\n<p><strong>Rower Treningowy BRX Air Bike Cross Toorx Fitness<\/strong>.<br>Powietrzny system oporu (7 &#8222;\u0142opat&#8221;).<br>Si\u0142a pracy generowana jest przez op\u00f3r powietrzny.<br>Wy\u015bwietlacz LCD.<br>Programy celowe z szybkim dost\u0119pem z panelu: czas, kalorie, dystans, puls, programy interwa\u0142owe 10\/20, 20\/10 + programy u\u017cytkownika.<br>Funkcje: czas, dystans, kalorie, pr\u0119dko\u015b\u0107, RPM, watt.<\/p>\n\n\n\n<figure class=\"wp-block-image size-full is-resized\"><img loading=\"lazy\" decoding=\"async\" width=\"692\" height=\"723\" src=\"https:\/\/minigym.club\/wp-content\/uploads\/2026\/02\/air-bike-toorx.jpg\" alt=\"\" class=\"wp-image-185\" style=\"width:500px\" srcset=\"https:\/\/minigym.club\/wp-content\/uploads\/2026\/02\/air-bike-toorx.jpg 692w, https:\/\/minigym.club\/wp-content\/uploads\/2026\/02\/air-bike-toorx-287x300.jpg 287w\" sizes=\"auto, (max-width: 692px) 100vw, 692px\" \/><\/figure>\n\n\n\n<p><strong>Rower spinningowy Taurus Z9.<\/strong><br>Elektroniczna regulacja oporu.<br>Ko\u0142o zapewnia najlepsze przenoszenie mocy i bardziej intensywne obci\u0105\u017cenie mi\u0119\u015bni.<br>Wielopozycyjna kierownica. Stabilna i trwa\u0142a konstrukcja.<br>Wy\u0142\u0105cznik awaryjny.<br>Wskazanie profili treningowych za pomoc\u0105 LCD.<br>Przejrzysty, prosty w obs\u0142udze, niewielki komputer treningowy: 12 wst\u0119pnie zdefiniowanych program\u00f3w + programy u\u017cytkownika oraz czas,&nbsp;dystans,&nbsp;pr\u0119dko\u015b\u0107,&nbsp;moc Wat,&nbsp;obr.\/min,&nbsp;kalorie.<\/p>\n\n\n\n<figure class=\"wp-block-image size-full is-resized\"><img loading=\"lazy\" decoding=\"async\" width=\"550\" height=\"639\" src=\"https:\/\/minigym.club\/wp-content\/uploads\/2026\/02\/taurus-spinning-rower-z9.jpg\" alt=\"\" class=\"wp-image-187\" style=\"width:400px\" srcset=\"https:\/\/minigym.club\/wp-content\/uploads\/2026\/02\/taurus-spinning-rower-z9.jpg 550w, https:\/\/minigym.club\/wp-content\/uploads\/2026\/02\/taurus-spinning-rower-z9-258x300.jpg 258w\" sizes=\"auto, (max-width: 550px) 100vw, 550px\" \/><\/figure>\n\n\n\n<p><\/p>\n\n\n\n<p>&#8212;&#8212;&#8212;&#8212;&#8212;&#8212;&#8212;&#8212;&#8212;&#8212;<\/p>\n\n\n\n<p><strong>GALERIA<\/strong><\/p>\n\n\n\n<p>Zapraszamy do wsp\u00f3\u0142pracy!<\/p>\n\n\n\n<figure class=\"wp-block-image size-large\"><img loading=\"lazy\" decoding=\"async\" width=\"1024\" height=\"768\" src=\"http:\/\/minigym.club\/wp-content\/uploads\/2026\/03\/IMG_2090-1024x768.jpeg\" alt=\"\" class=\"wp-image-244\" srcset=\"https:\/\/minigym.club\/wp-content\/uploads\/2026\/03\/IMG_2090-1024x768.jpeg 1024w, https:\/\/minigym.club\/wp-content\/uploads\/2026\/03\/IMG_2090-300x225.jpeg 300w, https:\/\/minigym.club\/wp-content\/uploads\/2026\/03\/IMG_2090-768x576.jpeg 768w, https:\/\/minigym.club\/wp-content\/uploads\/2026\/03\/IMG_2090-1536x1152.jpeg 1536w, https:\/\/minigym.club\/wp-content\/uploads\/2026\/03\/IMG_2090.jpeg 2016w\" sizes=\"auto, (max-width: 1024px) 100vw, 1024px\" \/><\/figure>\n\n\n\n<figure class=\"wp-block-image size-large\"><img loading=\"lazy\" decoding=\"async\" width=\"1024\" height=\"768\" src=\"https:\/\/minigym.club\/wp-content\/uploads\/2026\/03\/bieznia_air_bike-1024x768.jpg\" alt=\"\" class=\"wp-image-264\" srcset=\"https:\/\/minigym.club\/wp-content\/uploads\/2026\/03\/bieznia_air_bike-1024x768.jpg 1024w, https:\/\/minigym.club\/wp-content\/uploads\/2026\/03\/bieznia_air_bike-300x225.jpg 300w, https:\/\/minigym.club\/wp-content\/uploads\/2026\/03\/bieznia_air_bike-768x576.jpg 768w, https:\/\/minigym.club\/wp-content\/uploads\/2026\/03\/bieznia_air_bike-1536x1152.jpg 1536w, https:\/\/minigym.club\/wp-content\/uploads\/2026\/03\/bieznia_air_bike-2048x1536.jpg 2048w\" sizes=\"auto, (max-width: 1024px) 100vw, 1024px\" \/><\/figure>\n\n\n\n<figure class=\"wp-block-image size-large\"><img loading=\"lazy\" decoding=\"async\" width=\"1024\" height=\"768\" src=\"https:\/\/minigym.club\/wp-content\/uploads\/2026\/03\/strefa_cardio-1024x768.jpg\" alt=\"\" class=\"wp-image-265\" srcset=\"https:\/\/minigym.club\/wp-content\/uploads\/2026\/03\/strefa_cardio-1024x768.jpg 1024w, https:\/\/minigym.club\/wp-content\/uploads\/2026\/03\/strefa_cardio-300x225.jpg 300w, https:\/\/minigym.club\/wp-content\/uploads\/2026\/03\/strefa_cardio-768x576.jpg 768w, https:\/\/minigym.club\/wp-content\/uploads\/2026\/03\/strefa_cardio-1536x1152.jpg 1536w, https:\/\/minigym.club\/wp-content\/uploads\/2026\/03\/strefa_cardio-2048x1536.jpg 2048w\" sizes=\"auto, (max-width: 1024px) 100vw, 1024px\" \/><\/figure>\n\n\n\n<figure class=\"wp-block-image size-large\"><img loading=\"lazy\" decoding=\"async\" width=\"1024\" height=\"768\" src=\"https:\/\/minigym.club\/wp-content\/uploads\/2026\/03\/bosu_box-1024x768.jpg\" alt=\"\" class=\"wp-image-266\" srcset=\"https:\/\/minigym.club\/wp-content\/uploads\/2026\/03\/bosu_box-1024x768.jpg 1024w, https:\/\/minigym.club\/wp-content\/uploads\/2026\/03\/bosu_box-300x225.jpg 300w, https:\/\/minigym.club\/wp-content\/uploads\/2026\/03\/bosu_box-768x576.jpg 768w, https:\/\/minigym.club\/wp-content\/uploads\/2026\/03\/bosu_box-1536x1152.jpg 1536w, https:\/\/minigym.club\/wp-content\/uploads\/2026\/03\/bosu_box-2048x1536.jpg 2048w\" sizes=\"auto, (max-width: 1024px) 100vw, 1024px\" \/><\/figure>\n\n\n\n<figure class=\"wp-block-image size-large\"><img loading=\"lazy\" decoding=\"async\" width=\"1024\" height=\"768\" src=\"https:\/\/minigym.club\/wp-content\/uploads\/2026\/03\/hantle-1024x768.jpg\" alt=\"\" class=\"wp-image-267\" srcset=\"https:\/\/minigym.club\/wp-content\/uploads\/2026\/03\/hantle-1024x768.jpg 1024w, https:\/\/minigym.club\/wp-content\/uploads\/2026\/03\/hantle-300x225.jpg 300w, https:\/\/minigym.club\/wp-content\/uploads\/2026\/03\/hantle-768x576.jpg 768w, https:\/\/minigym.club\/wp-content\/uploads\/2026\/03\/hantle-1536x1152.jpg 1536w, https:\/\/minigym.club\/wp-content\/uploads\/2026\/03\/hantle-2048x1536.jpg 2048w\" sizes=\"auto, (max-width: 1024px) 100vw, 1024px\" \/><\/figure>\n\n\n\n<figure class=\"wp-block-image size-large\"><img loading=\"lazy\" decoding=\"async\" width=\"1024\" height=\"768\" src=\"https:\/\/minigym.club\/wp-content\/uploads\/2026\/03\/brama_ergometr-1024x768.jpg\" alt=\"\" class=\"wp-image-268\" srcset=\"https:\/\/minigym.club\/wp-content\/uploads\/2026\/03\/brama_ergometr-1024x768.jpg 1024w, https:\/\/minigym.club\/wp-content\/uploads\/2026\/03\/brama_ergometr-300x225.jpg 300w, https:\/\/minigym.club\/wp-content\/uploads\/2026\/03\/brama_ergometr-768x576.jpg 768w, https:\/\/minigym.club\/wp-content\/uploads\/2026\/03\/brama_ergometr-1536x1152.jpg 1536w, https:\/\/minigym.club\/wp-content\/uploads\/2026\/03\/brama_ergometr-2048x1536.jpg 2048w\" sizes=\"auto, (max-width: 1024px) 100vw, 1024px\" \/><\/figure>\n\n\n\n<figure class=\"wp-block-image size-large\"><img loading=\"lazy\" decoding=\"async\" width=\"1024\" height=\"768\" src=\"https:\/\/minigym.club\/wp-content\/uploads\/2026\/03\/brama-1024x768.jpg\" alt=\"\" class=\"wp-image-269\" srcset=\"https:\/\/minigym.club\/wp-content\/uploads\/2026\/03\/brama-1024x768.jpg 1024w, https:\/\/minigym.club\/wp-content\/uploads\/2026\/03\/brama-300x225.jpg 300w, https:\/\/minigym.club\/wp-content\/uploads\/2026\/03\/brama-768x576.jpg 768w, https:\/\/minigym.club\/wp-content\/uploads\/2026\/03\/brama-1536x1152.jpg 1536w, https:\/\/minigym.club\/wp-content\/uploads\/2026\/03\/brama-2048x1536.jpg 2048w\" sizes=\"auto, (max-width: 1024px) 100vw, 1024px\" \/><\/figure>\n\n\n\n<figure class=\"wp-block-image size-large\"><img loading=\"lazy\" decoding=\"async\" width=\"1024\" height=\"768\" src=\"https:\/\/minigym.club\/wp-content\/uploads\/2026\/03\/drabinka-1024x768.jpg\" alt=\"\" class=\"wp-image-270\" srcset=\"https:\/\/minigym.club\/wp-content\/uploads\/2026\/03\/drabinka-1024x768.jpg 1024w, https:\/\/minigym.club\/wp-content\/uploads\/2026\/03\/drabinka-300x225.jpg 300w, https:\/\/minigym.club\/wp-content\/uploads\/2026\/03\/drabinka-768x576.jpg 768w, https:\/\/minigym.club\/wp-content\/uploads\/2026\/03\/drabinka-1536x1152.jpg 1536w, https:\/\/minigym.club\/wp-content\/uploads\/2026\/03\/drabinka-2048x1536.jpg 2048w\" sizes=\"auto, (max-width: 1024px) 100vw, 1024px\" \/><\/figure>\n\n\n\n<figure class=\"wp-block-image size-large\"><img loading=\"lazy\" decoding=\"async\" width=\"1024\" height=\"768\" src=\"https:\/\/minigym.club\/wp-content\/uploads\/2026\/03\/4maty-1-1024x768.jpg\" alt=\"\" class=\"wp-image-271\" srcset=\"https:\/\/minigym.club\/wp-content\/uploads\/2026\/03\/4maty-1-1024x768.jpg 1024w, https:\/\/minigym.club\/wp-content\/uploads\/2026\/03\/4maty-1-300x225.jpg 300w, https:\/\/minigym.club\/wp-content\/uploads\/2026\/03\/4maty-1-768x576.jpg 768w, https:\/\/minigym.club\/wp-content\/uploads\/2026\/03\/4maty-1-1536x1152.jpg 1536w, https:\/\/minigym.club\/wp-content\/uploads\/2026\/03\/4maty-1-2048x1536.jpg 2048w\" sizes=\"auto, (max-width: 1024px) 100vw, 1024px\" \/><\/figure>\n\n\n\n<figure class=\"wp-block-image size-large\"><img loading=\"lazy\" decoding=\"async\" width=\"1024\" height=\"768\" src=\"https:\/\/minigym.club\/wp-content\/uploads\/2026\/03\/drabinka_koordynacyjna-1024x768.jpg\" alt=\"\" class=\"wp-image-272\" srcset=\"https:\/\/minigym.club\/wp-content\/uploads\/2026\/03\/drabinka_koordynacyjna-1024x768.jpg 1024w, https:\/\/minigym.club\/wp-content\/uploads\/2026\/03\/drabinka_koordynacyjna-300x225.jpg 300w, https:\/\/minigym.club\/wp-content\/uploads\/2026\/03\/drabinka_koordynacyjna-768x576.jpg 768w, https:\/\/minigym.club\/wp-content\/uploads\/2026\/03\/drabinka_koordynacyjna-1536x1152.jpg 1536w, https:\/\/minigym.club\/wp-content\/uploads\/2026\/03\/drabinka_koordynacyjna-2048x1536.jpg 2048w\" sizes=\"auto, (max-width: 1024px) 100vw, 1024px\" \/><\/figure>\n\n\n\n<figure class=\"wp-block-image size-large\"><img loading=\"lazy\" decoding=\"async\" width=\"1024\" height=\"768\" src=\"https:\/\/minigym.club\/wp-content\/uploads\/2026\/03\/ergometr-1024x768.jpg\" alt=\"\" class=\"wp-image-273\" srcset=\"https:\/\/minigym.club\/wp-content\/uploads\/2026\/03\/ergometr-1024x768.jpg 1024w, https:\/\/minigym.club\/wp-content\/uploads\/2026\/03\/ergometr-300x225.jpg 300w, https:\/\/minigym.club\/wp-content\/uploads\/2026\/03\/ergometr-768x576.jpg 768w, https:\/\/minigym.club\/wp-content\/uploads\/2026\/03\/ergometr-1536x1152.jpg 1536w, https:\/\/minigym.club\/wp-content\/uploads\/2026\/03\/ergometr-2048x1536.jpg 2048w\" sizes=\"auto, (max-width: 1024px) 100vw, 1024px\" \/><\/figure>\n","protected":false},"excerpt":{"rendered":"<p>Studio treningowe miniGYM zosta\u0142o stworzone przez trener\u00f3w dla trener\u00f3w oraz os\u00f3b indywidualnych, kt\u00f3re w komfortowych warunkach z u\u017cyciem najwy\u017cszej jako\u015bci sprz\u0119tu chc\u0105 wej\u015b\u0107 na wy\u017cszy poziom! Wyposa\u017cenie: Brama Gymost L101 + suwnica Smitha + Dual Crossover.To profesjonalny sprz\u0119t si\u0142owy \u0142\u0105cz\u0105cy funkcjonalno\u015b\u0107 Maszyny Smitha i wyci\u0105gu Dual Crossover.&nbsp;Zapewnia pe\u0142en zakres \u0107wicze\u0144 na wszystkie grupy mi\u0119\u015bniowe. Kreatywny [&hellip;]<\/p>\n","protected":false},"author":1,"featured_media":0,"parent":0,"menu_order":0,"comment_status":"closed","ping_status":"closed","template":"","meta":{"footnotes":""},"class_list":["post-179","page","type-page","status-publish","hentry"],"_links":{"self":[{"href":"https:\/\/minigym.club\/index.php\/wp-json\/wp\/v2\/pages\/179","targetHints":{"allow":["GET"]}}],"collection":[{"href":"https:\/\/minigym.club\/index.php\/wp-json\/wp\/v2\/pages"}],"about":[{"href":"https:\/\/minigym.club\/index.php\/wp-json\/wp\/v2\/types\/page"}],"author":[{"embeddable":true,"href":"https:\/\/minigym.club\/index.php\/wp-json\/wp\/v2\/users\/1"}],"replies":[{"embeddable":true,"href":"https:\/\/minigym.club\/index.php\/wp-json\/wp\/v2\/comments?post=179"}],"version-history":[{"count":9,"href":"https:\/\/minigym.club\/index.php\/wp-json\/wp\/v2\/pages\/179\/revisions"}],"predecessor-version":[{"id":275,"href":"https:\/\/minigym.club\/index.php\/wp-json\/wp\/v2\/pages\/179\/revisions\/275"}],"wp:attachment":[{"href":"https:\/\/minigym.club\/index.php\/wp-json\/wp\/v2\/media?parent=179"}],"curies":[{"name":"wp","href":"https:\/\/api.w.org\/{rel}","templated":true}]}}