{"id":162,"date":"2026-02-05T19:11:19","date_gmt":"2026-02-05T18:11:19","guid":{"rendered":"https:\/\/minigym.club\/?page_id=162"},"modified":"2026-03-25T16:28:16","modified_gmt":"2026-03-25T15:28:16","slug":"karolina-brzezinska","status":"publish","type":"page","link":"https:\/\/minigym.club\/index.php\/karolina-brzezinska\/","title":{"rendered":"Karolina Brzezi\u0144ska"},"content":{"rendered":"\n<p>Wsp\u00f3\u0142za\u0142o\u017cycielka miniGYM<\/p>\n\n\n\n<p>Certyfikowana trenerka personalna.<br>Certyfikowana trenerka motoryczna.<br>Certyfikowana instruktorka si\u0142owni.<\/p>\n\n\n\n<p>Bardzo empatyczna, z du\u017cym wyczuciem programuje zaj\u0119cia zapewniaj\u0105c ka\u017cdemu komfort treningu.<br>Specjalizuje si\u0119 w treningach z kobietami wracaj\u0105cymi do zdrowia, z tymi kt\u00f3re chc\u0105 poprawi\u0107 swoje mo\u017cliwo\u015bci kardio oraz wzmocni\u0107 sylwetk\u0119 uprzedzaj\u0105c biegn\u0105cy czas.<br>Pogodne usposobienie powoduje, \u017ce jest r\u00f3wnie\u017c bardzo lubiana przez m\u0142odzie\u017c , kt\u00f3ra ceni jej zaanga\u017cowanie w proces treningowy.<br><\/p>\n\n\n\n<p>Kontakt: 535100040<\/p>\n\n\n\n<figure class=\"wp-block-image size-large is-resized\"><img loading=\"lazy\" decoding=\"async\" width=\"768\" height=\"1024\" src=\"https:\/\/minigym.club\/wp-content\/uploads\/2026\/02\/foto_karolina_brzezinska-768x1024.jpg\" alt=\"\" class=\"wp-image-163\" style=\"width:500px\" srcset=\"https:\/\/minigym.club\/wp-content\/uploads\/2026\/02\/foto_karolina_brzezinska-768x1024.jpg 768w, https:\/\/minigym.club\/wp-content\/uploads\/2026\/02\/foto_karolina_brzezinska-225x300.jpg 225w, https:\/\/minigym.club\/wp-content\/uploads\/2026\/02\/foto_karolina_brzezinska-1152x1536.jpg 1152w, https:\/\/minigym.club\/wp-content\/uploads\/2026\/02\/foto_karolina_brzezinska.jpg 1200w\" sizes=\"auto, (max-width: 768px) 100vw, 768px\" \/><\/figure>\n","protected":false},"excerpt":{"rendered":"<p>Wsp\u00f3\u0142za\u0142o\u017cycielka miniGYM Certyfikowana trenerka personalna.Certyfikowana trenerka motoryczna.Certyfikowana instruktorka si\u0142owni. Bardzo empatyczna, z du\u017cym wyczuciem programuje zaj\u0119cia zapewniaj\u0105c ka\u017cdemu komfort treningu.Specjalizuje si\u0119 w treningach z kobietami wracaj\u0105cymi do zdrowia, z tymi kt\u00f3re chc\u0105 poprawi\u0107 swoje mo\u017cliwo\u015bci kardio oraz wzmocni\u0107 sylwetk\u0119 uprzedzaj\u0105c biegn\u0105cy czas.Pogodne usposobienie powoduje, \u017ce jest r\u00f3wnie\u017c bardzo lubiana przez m\u0142odzie\u017c , kt\u00f3ra ceni jej [&hellip;]<\/p>\n","protected":false},"author":1,"featured_media":0,"parent":0,"menu_order":0,"comment_status":"closed","ping_status":"closed","template":"","meta":{"footnotes":""},"class_list":["post-162","page","type-page","status-publish","hentry"],"_links":{"self":[{"href":"https:\/\/minigym.club\/index.php\/wp-json\/wp\/v2\/pages\/162","targetHints":{"allow":["GET"]}}],"collection":[{"href":"https:\/\/minigym.club\/index.php\/wp-json\/wp\/v2\/pages"}],"about":[{"href":"https:\/\/minigym.club\/index.php\/wp-json\/wp\/v2\/types\/page"}],"author":[{"embeddable":true,"href":"https:\/\/minigym.club\/index.php\/wp-json\/wp\/v2\/users\/1"}],"replies":[{"embeddable":true,"href":"https:\/\/minigym.club\/index.php\/wp-json\/wp\/v2\/comments?post=162"}],"version-history":[{"count":4,"href":"https:\/\/minigym.club\/index.php\/wp-json\/wp\/v2\/pages\/162\/revisions"}],"predecessor-version":[{"id":338,"href":"https:\/\/minigym.club\/index.php\/wp-json\/wp\/v2\/pages\/162\/revisions\/338"}],"wp:attachment":[{"href":"https:\/\/minigym.club\/index.php\/wp-json\/wp\/v2\/media?parent=162"}],"curies":[{"name":"wp","href":"https:\/\/api.w.org\/{rel}","templated":true}]}}