{"id":156,"date":"2026-02-05T18:59:47","date_gmt":"2026-02-05T17:59:47","guid":{"rendered":"https:\/\/minigym.club\/?page_id=156"},"modified":"2026-03-25T16:22:35","modified_gmt":"2026-03-25T15:22:35","slug":"jacek-jagodzinski","status":"publish","type":"page","link":"https:\/\/minigym.club\/index.php\/jacek-jagodzinski\/","title":{"rendered":"Jacek Jagodzi\u0144ski"},"content":{"rendered":"\n<p>W\u0142a\u015bciel miniGYM.<br><br>Specjalizuje si\u0119 w przygotowaniu motorycznym zawodnik\u00f3w pro oraz w d\u0142ugofalowym planowaniu sportowego rozwoju zawodnik\u00f3w.<br>Specjalista w programowaniu oraz monitorowaniu obci\u0105\u017ce\u0144 treningowych i budowaniu formy sportowej.<br>Trener z mi\u0119dzynarodowym do\u015bwiadczeniem w pracy z zawodnikami r\u00f3\u017cnych dyscyplin sportu.<br>Autor publikacji z zakresu m.in. teorii treningu sportowego.<br>Organizator wielu szkole\u0144 trenerskich i konferencji.<br>Certyfikowany trener motoryczny.<br>Certyfikowany trener personalny.<br>Certyfikowany trener medyczny.<br>Certyfikowany instruktor si\u0142owni.<br>Dyplomowany masa\u017cysta.<\/p>\n\n\n\n<p>Kontakt: 504238044<\/p>\n\n\n\n<figure class=\"wp-block-image size-large is-resized\"><img loading=\"lazy\" decoding=\"async\" width=\"768\" height=\"1024\" src=\"https:\/\/minigym.club\/wp-content\/uploads\/2026\/02\/foto_jacek_jagodzinski-768x1024.jpg\" alt=\"\" class=\"wp-image-157\" style=\"width:500px\" srcset=\"https:\/\/minigym.club\/wp-content\/uploads\/2026\/02\/foto_jacek_jagodzinski-768x1024.jpg 768w, https:\/\/minigym.club\/wp-content\/uploads\/2026\/02\/foto_jacek_jagodzinski-225x300.jpg 225w, https:\/\/minigym.club\/wp-content\/uploads\/2026\/02\/foto_jacek_jagodzinski-1152x1536.jpg 1152w, https:\/\/minigym.club\/wp-content\/uploads\/2026\/02\/foto_jacek_jagodzinski.jpg 1200w\" sizes=\"auto, (max-width: 768px) 100vw, 768px\" \/><\/figure>\n\n\n\n<p><\/p>\n","protected":false},"excerpt":{"rendered":"<p>W\u0142a\u015bciel miniGYM. Specjalizuje si\u0119 w przygotowaniu motorycznym zawodnik\u00f3w pro oraz w d\u0142ugofalowym planowaniu sportowego rozwoju zawodnik\u00f3w.Specjalista w programowaniu oraz monitorowaniu obci\u0105\u017ce\u0144 treningowych i budowaniu formy sportowej.Trener z mi\u0119dzynarodowym do\u015bwiadczeniem w pracy z zawodnikami r\u00f3\u017cnych dyscyplin sportu.Autor publikacji z zakresu m.in. teorii treningu sportowego.Organizator wielu szkole\u0144 trenerskich i konferencji.Certyfikowany trener motoryczny.Certyfikowany trener personalny.Certyfikowany trener medyczny.Certyfikowany instruktor [&hellip;]<\/p>\n","protected":false},"author":1,"featured_media":0,"parent":0,"menu_order":0,"comment_status":"closed","ping_status":"closed","template":"","meta":{"footnotes":""},"class_list":["post-156","page","type-page","status-publish","hentry"],"_links":{"self":[{"href":"https:\/\/minigym.club\/index.php\/wp-json\/wp\/v2\/pages\/156","targetHints":{"allow":["GET"]}}],"collection":[{"href":"https:\/\/minigym.club\/index.php\/wp-json\/wp\/v2\/pages"}],"about":[{"href":"https:\/\/minigym.club\/index.php\/wp-json\/wp\/v2\/types\/page"}],"author":[{"embeddable":true,"href":"https:\/\/minigym.club\/index.php\/wp-json\/wp\/v2\/users\/1"}],"replies":[{"embeddable":true,"href":"https:\/\/minigym.club\/index.php\/wp-json\/wp\/v2\/comments?post=156"}],"version-history":[{"count":3,"href":"https:\/\/minigym.club\/index.php\/wp-json\/wp\/v2\/pages\/156\/revisions"}],"predecessor-version":[{"id":334,"href":"https:\/\/minigym.club\/index.php\/wp-json\/wp\/v2\/pages\/156\/revisions\/334"}],"wp:attachment":[{"href":"https:\/\/minigym.club\/index.php\/wp-json\/wp\/v2\/media?parent=156"}],"curies":[{"name":"wp","href":"https:\/\/api.w.org\/{rel}","templated":true}]}}