{"id":152,"date":"2026-02-05T18:15:49","date_gmt":"2026-02-05T17:15:49","guid":{"rendered":"https:\/\/minigym.club\/?page_id=152"},"modified":"2026-02-24T19:04:21","modified_gmt":"2026-02-24T18:04:21","slug":"cennik","status":"publish","type":"page","link":"https:\/\/minigym.club\/index.php\/cennik\/","title":{"rendered":"Cennik"},"content":{"rendered":"\n<p>Studio treningowe miniGYM dost\u0119pne jest dla trener\u00f3w i ich zawodnik\u00f3w (trener rezerwuj\u0105cy studio mo\u017ce w tym czasie trenowa\u0107 jednocze\u015bnie max 2 osoby) oraz os\u00f3b indywidualnych, kt\u00f3re chc\u0105 zrealizowa\u0107 sw\u00f3j trening w komforcie naszej si\u0142owni.<\/p>\n\n\n\n<p>60 minut wynaj\u0119cia studia na wy\u0142\u0105czno\u015b\u0107 = 55z\u0142 <br>120 minut wynaj\u0119cia studia na wy\u0142\u0105czno\u015b\u0107 = 100z\u0142 <br>Rezerwacji sali mo\u017cna dokonywa\u0107 w <a href=\"https:\/\/app.fitssey.com\/minigymclub\/frontoffice\/appointments\" target=\"_blank\" rel=\"noreferrer noopener\">systemie rezerwacyjnym<\/a>.<\/p>\n\n\n\n<p>Trening w minigrupie max 4-osobowej:<br>200z\u0142 &#8211; przy p\u0142atno\u015bci za 4 treningi z g\u00f3ry (50z\u0142 za trening)<br>60z\u0142 &#8211; przy jednorazowym uczestnictwie<br>Ofert\u0119 aktualnych trening\u00f3w grupowych b\u0119dziemy publikowali na naszej stronie, a rezerwacji mo\u017cna dokonywa\u0107 w <a href=\"https:\/\/app.fitssey.com\/minigymclub\/frontoffice\">systemie rezerwacyjnym<\/a>.<\/p>\n\n\n\n<p>Ceny trening\u00f3w motorycznych i personalnych ustalane s\u0105 indywidualnie z Klientami.<br>Ceny uzale\u017cnione s\u0105 od indywidualnych potrzeb zawodnik\u00f3w oraz czasu wsp\u00f3\u0142pracy i zaplanowanych cel\u00f3w.<br><\/p>\n\n\n\n<p><\/p>\n","protected":false},"excerpt":{"rendered":"<p>Studio treningowe miniGYM dost\u0119pne jest dla trener\u00f3w i ich zawodnik\u00f3w (trener rezerwuj\u0105cy studio mo\u017ce w tym czasie trenowa\u0107 jednocze\u015bnie max 2 osoby) oraz os\u00f3b indywidualnych, kt\u00f3re chc\u0105 zrealizowa\u0107 sw\u00f3j trening w komforcie naszej si\u0142owni. 60 minut wynaj\u0119cia studia na wy\u0142\u0105czno\u015b\u0107 = 55z\u0142 120 minut wynaj\u0119cia studia na wy\u0142\u0105czno\u015b\u0107 = 100z\u0142 Rezerwacji sali mo\u017cna dokonywa\u0107 w [&hellip;]<\/p>\n","protected":false},"author":1,"featured_media":0,"parent":0,"menu_order":0,"comment_status":"closed","ping_status":"closed","template":"","meta":{"footnotes":""},"class_list":["post-152","page","type-page","status-publish","hentry"],"_links":{"self":[{"href":"https:\/\/minigym.club\/index.php\/wp-json\/wp\/v2\/pages\/152","targetHints":{"allow":["GET"]}}],"collection":[{"href":"https:\/\/minigym.club\/index.php\/wp-json\/wp\/v2\/pages"}],"about":[{"href":"https:\/\/minigym.club\/index.php\/wp-json\/wp\/v2\/types\/page"}],"author":[{"embeddable":true,"href":"https:\/\/minigym.club\/index.php\/wp-json\/wp\/v2\/users\/1"}],"replies":[{"embeddable":true,"href":"https:\/\/minigym.club\/index.php\/wp-json\/wp\/v2\/comments?post=152"}],"version-history":[{"count":7,"href":"https:\/\/minigym.club\/index.php\/wp-json\/wp\/v2\/pages\/152\/revisions"}],"predecessor-version":[{"id":222,"href":"https:\/\/minigym.club\/index.php\/wp-json\/wp\/v2\/pages\/152\/revisions\/222"}],"wp:attachment":[{"href":"https:\/\/minigym.club\/index.php\/wp-json\/wp\/v2\/media?parent=152"}],"curies":[{"name":"wp","href":"https:\/\/api.w.org\/{rel}","templated":true}]}}