{"id":143,"date":"2026-02-04T18:57:56","date_gmt":"2026-02-04T17:57:56","guid":{"rendered":"https:\/\/minigym.club\/?page_id=143"},"modified":"2026-03-17T21:00:54","modified_gmt":"2026-03-17T20:00:54","slug":"regulamin","status":"publish","type":"page","link":"https:\/\/minigym.club\/index.php\/regulamin\/","title":{"rendered":"Regulamin"},"content":{"rendered":"\n<ol class=\"wp-block-list\">\n<li>W\u0142a\u015bcicielem lokalu jest firma JJ Sport Jacek Jagodzi\u0144ski (dane kontaktowe na dole strony).<\/li>\n\n\n\n<li>Studio treningowe jest dost\u0119pne w godzinach 6.00-23.00. <\/li>\n\n\n\n<li>Aby uzyska\u0107 dost\u0119p do studia nale\u017cy zarezerwowa\u0107 termin w grafiku i dokona\u0107 p\u0142atno\u015bci on-line poprzez bezpieczn\u0105 stron\u0119 P\u0142atnosci24. <\/li>\n\n\n\n<li>Rezerwacji mog\u0105 dokonywa\u0107 wy\u0142\u0105cznie osoby pe\u0142noletnie, kt\u00f3re nie posiadaj\u0105 przeciwwskaza\u0144 do wykonywania \u0107wicze\u0144 fizycznych i bed\u0105 trenowa\u0142y na w\u0142asn\u0105 odpowiedzialno\u015b\u0107. W\u0142a\u015bciciel studia treningowego nie zapewnia ubezpieczenia NNW.<\/li>\n\n\n\n<li>Wej\u015bcie mo\u017cliwe jest 5 minut przed zarezerwowan\u0105 godzin\u0105 treningu. Opu\u015bci\u0107 studio nale\u017cy mo\u017cliwie szybko, tak aby nie utrudnia\u0107 treningu kolejnym osobom.<\/li>\n\n\n\n<li>Nale\u017cy podczas rezerwacji za\u0142o\u017cy\u0107 konto klienta na naszej <a href=\"https:\/\/app.fitssey.com\/minigymclub\/frontoffice\/appointments\" target=\"_blank\" rel=\"noreferrer noopener\">stronie rezerwacyjnej<\/a>, a nast\u0119pnie dokona\u0107 p\u0142atno\u015bci. Drzwi b\u0119dzie mo\u017cna otworzy\u0107 z poziomu swojego wcze\u015bniej za\u0142o\u017conego konta lub za pomoc\u0105 pobranej na telefon aplikacji Fitssey.<\/li>\n\n\n\n<li>Osoba rezerwuj\u0105ca czas w studiu miniGYM na swoj\u0105 wy\u0142\u0105czno\u015b\u0107 odpowiada za osoby, kt\u00f3re jej towarzysz\u0105.<\/li>\n\n\n\n<li>Jednocze\u015bnie w studiu treningowym mog\u0105 przebywa\u0107 max 3 osoby (osoba dokonuj\u0105ca rezerwacji + 2 osoby towarzysz\u0105ce) .<\/li>\n\n\n\n<li>Osoba dokonuj\u0105ca rezerwacji odpowiada za stan lokalu i sprz\u0119tu treningowego w op\u0142aconym terminie.<\/li>\n\n\n\n<li>Ewentualne zniszczenia prosimy dokumentowa\u0107 zdj\u0119ciami i przesy\u0142a\u0107 na adres e-mailowy kontakt@minigym.club .<\/li>\n\n\n\n<li>Lokal jest monitorowany 24h, a administratorem danych jest JJ Sport Jacek Jagodzi\u0144ski NIP: 5221764098, ul. Jutrzenki 8b\/63, 05-500 J\u00f3zefos\u0142aw.<\/li>\n\n\n\n<li>Po zako\u0144czonym treningu, osoba rezerwuj\u0105ca powinna pozostawi\u0107 lokal w czysto\u015bci, a sprz\u0119t powinien by\u0107 od\u0142o\u017cony na swoje miejsce. <\/li>\n\n\n\n<li><strong>Osoba rezerwuj\u0105c\u0105 jest zobowi\u0105zana sprawdzi\u0107 czy zamkn\u0119\u0142a drzwi wychodz\u0105c z lokalu<\/strong> <strong>&#8211; dzi\u0119kujemy!<\/strong><\/li>\n\n\n\n<li>\u0106wicz\u0105cy ponosi pe\u0142n\u0105 odpowiedzialno\u015b\u0107 za wykonywane \u0107wiczenia. W przypadku w\u0105tpliwo\u015bci co do stanu zdrowia, zaleca si\u0119 badanie lekarskie z orzeczeniem o zdolno\u015bci do wykonywania \u0107wicze\u0144.<\/li>\n\n\n\n<li>\u0106wicz\u0105cy zobowi\u0105zany jest do w\u0142a\u015bciwego obchodzenia si\u0119 z urz\u0105dzeniami w studiu miniGYM.<\/li>\n\n\n\n<li>Za szkody materialne wynik\u0142e z nieprzestrzegania zasad ostro\u017cno\u015bci przez \u0107wicz\u0105cego lub niew\u0142a\u015bciwego u\u017cytkowania sprz\u0119tu odpowiedzialny jest trenuj\u0105cy.<\/li>\n\n\n\n<li>Przed rozpocz\u0119ciem treningu obowi\u0105zuje zmiana obuwia bezpo\u015brednio po wej\u015bciu do lokalu. <\/li>\n\n\n\n<li>W miniGYM obowi\u0105zuje ca\u0142kowity zakaz u\u017cywania tytoniu oraz wst\u0119pu os\u00f3b pod wp\u0142ywem alkoholu, \u015brodk\u00f3w odurzaj\u0105cych lub dopinguj\u0105cych, jak r\u00f3wnie\u017c wnoszenia i spo\u017cywania tych substancji na terenie lokalu.<\/li>\n\n\n\n<li>Osoby przebywaj\u0105ce na terenie studia zobowi\u0105zane s\u0105 do przestrzegania zasad kultury i norm obyczajowych.<\/li>\n\n\n\n<li>Wszelki sprz\u0119t znajduj\u0105cy si\u0119 w lokalu oraz u\u017cywany przez trenuj\u0105cych jest w\u0142asno\u015bci\u0105 firmy JJ Sport.<\/li>\n\n\n\n<li>W sprawach nieobj\u0119tych niniejszym regulaminem maj\u0105 zastosowanie przepisy kodeksu cywilnego.<\/li>\n\n\n\n<li>W przypadku niemo\u017cliwo\u015bci dostania si\u0119 do lokalu z powod\u00f3w technicznych, klientowi przys\u0142uguje prawo do z\u0142o\u017cenia reklamacji.<br>Reklamacj\u0119 nale\u017cy zg\u0142osi\u0107 e-mailem kontakt@minigym.club .<br>Prosimy opisa\u0107 okoliczno\u015bci wyst\u0105pienia problemu z dost\u0119pem, poda\u0107 dane Klienta oraz \u017c\u0105danie Klienta.<br>Nasza firma ustosunkuje si\u0119 do reklamacji najp\u00f3\u017aniej w terminie 14 dni.<\/li>\n\n\n\n<li>Klientowi, kt\u00f3ry dokona\u0142 rezerwacji sali na wy\u0142\u0105czno\u015b\u0107, przys\u0142uguje prawo do jej odwo\u0142ania, lecz nie p\u00f3\u017aniej ni\u017c 2 godziny przed um\u00f3wionym terminem.<\/li>\n\n\n\n<li>Dokonanie rezerwacji jest r\u00f3wnoznaczne z akceptacj\u0105 powy\u017cszego regulaminu.<\/li>\n<\/ol>\n\n\n\n<p>Dane w\u0142a\u015bciciela lokalu miniGYM:<br>JJ Sport Jacek Jagodzi\u0144ski<br>ul.Jutrzenki 8B \/ 63<br>05-500 J\u00f3zefos\u0142aw<br>NIP5221764098<br>REGON:&nbsp;017242193<\/p>\n","protected":false},"excerpt":{"rendered":"<p>Dane w\u0142a\u015bciciela lokalu miniGYM:JJ Sport Jacek Jagodzi\u0144skiul.Jutrzenki 8B \/ 6305-500 J\u00f3zefos\u0142awNIP5221764098REGON:&nbsp;017242193<\/p>\n","protected":false},"author":1,"featured_media":0,"parent":0,"menu_order":0,"comment_status":"closed","ping_status":"closed","template":"","meta":{"footnotes":""},"class_list":["post-143","page","type-page","status-publish","hentry"],"_links":{"self":[{"href":"https:\/\/minigym.club\/index.php\/wp-json\/wp\/v2\/pages\/143","targetHints":{"allow":["GET"]}}],"collection":[{"href":"https:\/\/minigym.club\/index.php\/wp-json\/wp\/v2\/pages"}],"about":[{"href":"https:\/\/minigym.club\/index.php\/wp-json\/wp\/v2\/types\/page"}],"author":[{"embeddable":true,"href":"https:\/\/minigym.club\/index.php\/wp-json\/wp\/v2\/users\/1"}],"replies":[{"embeddable":true,"href":"https:\/\/minigym.club\/index.php\/wp-json\/wp\/v2\/comments?post=143"}],"version-history":[{"count":5,"href":"https:\/\/minigym.club\/index.php\/wp-json\/wp\/v2\/pages\/143\/revisions"}],"predecessor-version":[{"id":295,"href":"https:\/\/minigym.club\/index.php\/wp-json\/wp\/v2\/pages\/143\/revisions\/295"}],"wp:attachment":[{"href":"https:\/\/minigym.club\/index.php\/wp-json\/wp\/v2\/media?parent=143"}],"curies":[{"name":"wp","href":"https:\/\/api.w.org\/{rel}","templated":true}]}}