{"id":10,"date":"2025-12-19T23:17:37","date_gmt":"2025-12-19T22:17:37","guid":{"rendered":"https:\/\/minigym.club\/?page_id=10"},"modified":"2026-04-03T18:23:52","modified_gmt":"2026-04-03T16:23:52","slug":"o_nas","status":"publish","type":"page","link":"https:\/\/minigym.club\/index.php\/o_nas\/","title":{"rendered":"O NAS"},"content":{"rendered":"\n<p>Studio treningu motorycznego &#8211; miniGYM.club &#8211; stworzy\u0142a para trener\u00f3w z wieloletnim do\u015bwiadczeniem &#8211; Jacek Jagodzi\u0144ski i Karolina Brzezi\u0144ska.<\/p>\n\n\n\n<p>Si\u0142ownia dost\u0119pna jest zar\u00f3wno dla os\u00f3b prywatnych jak i trener\u00f3w ze swoimi klientami.<br><br>Chcieli\u015bmy stworzy\u0107 miejsce wyposa\u017cone w profesjonalny sprz\u0119t, pozwalaj\u0105ce w kameralnej przestrzeni realizowa\u0107 najwy\u017cszej jako\u015bci treningi motoryczne i personalne.<br>Miejsce, kt\u00f3re b\u0119dzie te\u017c odpowiednie do pracy z profesjonalnymi sportowcami.<br>W naszym studio treningowym ka\u017cdy trener znajdzie sprz\u0119t bardzo dobrej jako\u015bci, starannie wyselekcjonowany przez nas z ofert \u015bwiatowych lider\u00f3w bran\u017cy fitness.<br><br>Studio mog\u0105 wynajmowa\u0107 r\u00f3wnie\u017c osoby prywatne, kt\u00f3re chc\u0105 w komfortowych warunkach realizowa\u0107 swoje treningi.<\/p>\n\n\n\n<p>Zapraszamy do wsp\u00f3\u0142pracy!<\/p>\n\n\n\n<figure class=\"wp-block-image size-large\"><img loading=\"lazy\" decoding=\"async\" width=\"1024\" height=\"768\" src=\"http:\/\/minigym.club\/wp-content\/uploads\/2026\/03\/IMG_2090-1024x768.jpeg\" alt=\"\" class=\"wp-image-244\" srcset=\"https:\/\/minigym.club\/wp-content\/uploads\/2026\/03\/IMG_2090-1024x768.jpeg 1024w, https:\/\/minigym.club\/wp-content\/uploads\/2026\/03\/IMG_2090-300x225.jpeg 300w, https:\/\/minigym.club\/wp-content\/uploads\/2026\/03\/IMG_2090-768x576.jpeg 768w, https:\/\/minigym.club\/wp-content\/uploads\/2026\/03\/IMG_2090-1536x1152.jpeg 1536w, https:\/\/minigym.club\/wp-content\/uploads\/2026\/03\/IMG_2090.jpeg 2016w\" sizes=\"auto, (max-width: 1024px) 100vw, 1024px\" \/><\/figure>\n\n\n\n<figure class=\"wp-block-image size-large\"><img loading=\"lazy\" decoding=\"async\" width=\"1024\" height=\"768\" src=\"https:\/\/minigym.club\/wp-content\/uploads\/2026\/03\/bieznia_air_bike-1024x768.jpg\" alt=\"\" class=\"wp-image-264\" srcset=\"https:\/\/minigym.club\/wp-content\/uploads\/2026\/03\/bieznia_air_bike-1024x768.jpg 1024w, https:\/\/minigym.club\/wp-content\/uploads\/2026\/03\/bieznia_air_bike-300x225.jpg 300w, https:\/\/minigym.club\/wp-content\/uploads\/2026\/03\/bieznia_air_bike-768x576.jpg 768w, https:\/\/minigym.club\/wp-content\/uploads\/2026\/03\/bieznia_air_bike-1536x1152.jpg 1536w, https:\/\/minigym.club\/wp-content\/uploads\/2026\/03\/bieznia_air_bike-2048x1536.jpg 2048w\" sizes=\"auto, (max-width: 1024px) 100vw, 1024px\" \/><\/figure>\n\n\n\n<figure class=\"wp-block-image size-large\"><img loading=\"lazy\" decoding=\"async\" width=\"1024\" height=\"768\" src=\"https:\/\/minigym.club\/wp-content\/uploads\/2026\/03\/strefa_cardio-1024x768.jpg\" alt=\"\" class=\"wp-image-265\" srcset=\"https:\/\/minigym.club\/wp-content\/uploads\/2026\/03\/strefa_cardio-1024x768.jpg 1024w, https:\/\/minigym.club\/wp-content\/uploads\/2026\/03\/strefa_cardio-300x225.jpg 300w, https:\/\/minigym.club\/wp-content\/uploads\/2026\/03\/strefa_cardio-768x576.jpg 768w, https:\/\/minigym.club\/wp-content\/uploads\/2026\/03\/strefa_cardio-1536x1152.jpg 1536w, https:\/\/minigym.club\/wp-content\/uploads\/2026\/03\/strefa_cardio-2048x1536.jpg 2048w\" sizes=\"auto, (max-width: 1024px) 100vw, 1024px\" \/><\/figure>\n\n\n\n<figure class=\"wp-block-image size-large\"><img loading=\"lazy\" decoding=\"async\" width=\"1024\" height=\"768\" src=\"https:\/\/minigym.club\/wp-content\/uploads\/2026\/03\/bosu_box-1024x768.jpg\" alt=\"\" class=\"wp-image-266\" srcset=\"https:\/\/minigym.club\/wp-content\/uploads\/2026\/03\/bosu_box-1024x768.jpg 1024w, https:\/\/minigym.club\/wp-content\/uploads\/2026\/03\/bosu_box-300x225.jpg 300w, https:\/\/minigym.club\/wp-content\/uploads\/2026\/03\/bosu_box-768x576.jpg 768w, https:\/\/minigym.club\/wp-content\/uploads\/2026\/03\/bosu_box-1536x1152.jpg 1536w, https:\/\/minigym.club\/wp-content\/uploads\/2026\/03\/bosu_box-2048x1536.jpg 2048w\" sizes=\"auto, (max-width: 1024px) 100vw, 1024px\" \/><\/figure>\n\n\n\n<figure class=\"wp-block-image size-large\"><img loading=\"lazy\" decoding=\"async\" width=\"1024\" height=\"768\" src=\"https:\/\/minigym.club\/wp-content\/uploads\/2026\/03\/hantle-1024x768.jpg\" alt=\"\" class=\"wp-image-267\" srcset=\"https:\/\/minigym.club\/wp-content\/uploads\/2026\/03\/hantle-1024x768.jpg 1024w, https:\/\/minigym.club\/wp-content\/uploads\/2026\/03\/hantle-300x225.jpg 300w, https:\/\/minigym.club\/wp-content\/uploads\/2026\/03\/hantle-768x576.jpg 768w, https:\/\/minigym.club\/wp-content\/uploads\/2026\/03\/hantle-1536x1152.jpg 1536w, https:\/\/minigym.club\/wp-content\/uploads\/2026\/03\/hantle-2048x1536.jpg 2048w\" sizes=\"auto, (max-width: 1024px) 100vw, 1024px\" \/><\/figure>\n\n\n\n<figure class=\"wp-block-image size-large\"><img loading=\"lazy\" decoding=\"async\" width=\"1024\" height=\"768\" src=\"https:\/\/minigym.club\/wp-content\/uploads\/2026\/03\/brama_ergometr-1024x768.jpg\" alt=\"\" class=\"wp-image-268\" srcset=\"https:\/\/minigym.club\/wp-content\/uploads\/2026\/03\/brama_ergometr-1024x768.jpg 1024w, https:\/\/minigym.club\/wp-content\/uploads\/2026\/03\/brama_ergometr-300x225.jpg 300w, https:\/\/minigym.club\/wp-content\/uploads\/2026\/03\/brama_ergometr-768x576.jpg 768w, https:\/\/minigym.club\/wp-content\/uploads\/2026\/03\/brama_ergometr-1536x1152.jpg 1536w, https:\/\/minigym.club\/wp-content\/uploads\/2026\/03\/brama_ergometr-2048x1536.jpg 2048w\" sizes=\"auto, (max-width: 1024px) 100vw, 1024px\" \/><\/figure>\n\n\n\n<figure class=\"wp-block-image size-large\"><img loading=\"lazy\" decoding=\"async\" width=\"1024\" height=\"768\" src=\"https:\/\/minigym.club\/wp-content\/uploads\/2026\/03\/brama-1024x768.jpg\" alt=\"\" class=\"wp-image-269\" srcset=\"https:\/\/minigym.club\/wp-content\/uploads\/2026\/03\/brama-1024x768.jpg 1024w, https:\/\/minigym.club\/wp-content\/uploads\/2026\/03\/brama-300x225.jpg 300w, https:\/\/minigym.club\/wp-content\/uploads\/2026\/03\/brama-768x576.jpg 768w, https:\/\/minigym.club\/wp-content\/uploads\/2026\/03\/brama-1536x1152.jpg 1536w, https:\/\/minigym.club\/wp-content\/uploads\/2026\/03\/brama-2048x1536.jpg 2048w\" sizes=\"auto, (max-width: 1024px) 100vw, 1024px\" \/><\/figure>\n\n\n\n<figure class=\"wp-block-image size-large\"><img loading=\"lazy\" decoding=\"async\" width=\"1024\" height=\"768\" src=\"https:\/\/minigym.club\/wp-content\/uploads\/2026\/03\/drabinka-1024x768.jpg\" alt=\"\" class=\"wp-image-270\" srcset=\"https:\/\/minigym.club\/wp-content\/uploads\/2026\/03\/drabinka-1024x768.jpg 1024w, https:\/\/minigym.club\/wp-content\/uploads\/2026\/03\/drabinka-300x225.jpg 300w, https:\/\/minigym.club\/wp-content\/uploads\/2026\/03\/drabinka-768x576.jpg 768w, https:\/\/minigym.club\/wp-content\/uploads\/2026\/03\/drabinka-1536x1152.jpg 1536w, https:\/\/minigym.club\/wp-content\/uploads\/2026\/03\/drabinka-2048x1536.jpg 2048w\" sizes=\"auto, (max-width: 1024px) 100vw, 1024px\" \/><\/figure>\n\n\n\n<figure class=\"wp-block-image size-large\"><img loading=\"lazy\" decoding=\"async\" width=\"1024\" height=\"768\" src=\"https:\/\/minigym.club\/wp-content\/uploads\/2026\/03\/4maty-1-1024x768.jpg\" alt=\"\" class=\"wp-image-271\" srcset=\"https:\/\/minigym.club\/wp-content\/uploads\/2026\/03\/4maty-1-1024x768.jpg 1024w, https:\/\/minigym.club\/wp-content\/uploads\/2026\/03\/4maty-1-300x225.jpg 300w, https:\/\/minigym.club\/wp-content\/uploads\/2026\/03\/4maty-1-768x576.jpg 768w, https:\/\/minigym.club\/wp-content\/uploads\/2026\/03\/4maty-1-1536x1152.jpg 1536w, https:\/\/minigym.club\/wp-content\/uploads\/2026\/03\/4maty-1-2048x1536.jpg 2048w\" sizes=\"auto, (max-width: 1024px) 100vw, 1024px\" \/><\/figure>\n\n\n\n<figure class=\"wp-block-image size-large\"><img loading=\"lazy\" decoding=\"async\" width=\"1024\" height=\"768\" src=\"https:\/\/minigym.club\/wp-content\/uploads\/2026\/03\/drabinka_koordynacyjna-1024x768.jpg\" alt=\"\" class=\"wp-image-272\" srcset=\"https:\/\/minigym.club\/wp-content\/uploads\/2026\/03\/drabinka_koordynacyjna-1024x768.jpg 1024w, https:\/\/minigym.club\/wp-content\/uploads\/2026\/03\/drabinka_koordynacyjna-300x225.jpg 300w, https:\/\/minigym.club\/wp-content\/uploads\/2026\/03\/drabinka_koordynacyjna-768x576.jpg 768w, https:\/\/minigym.club\/wp-content\/uploads\/2026\/03\/drabinka_koordynacyjna-1536x1152.jpg 1536w, https:\/\/minigym.club\/wp-content\/uploads\/2026\/03\/drabinka_koordynacyjna-2048x1536.jpg 2048w\" sizes=\"auto, (max-width: 1024px) 100vw, 1024px\" \/><\/figure>\n\n\n\n<figure class=\"wp-block-image size-large\"><img loading=\"lazy\" decoding=\"async\" width=\"1024\" height=\"768\" src=\"https:\/\/minigym.club\/wp-content\/uploads\/2026\/03\/ergometr-1024x768.jpg\" alt=\"\" class=\"wp-image-273\" srcset=\"https:\/\/minigym.club\/wp-content\/uploads\/2026\/03\/ergometr-1024x768.jpg 1024w, https:\/\/minigym.club\/wp-content\/uploads\/2026\/03\/ergometr-300x225.jpg 300w, https:\/\/minigym.club\/wp-content\/uploads\/2026\/03\/ergometr-768x576.jpg 768w, https:\/\/minigym.club\/wp-content\/uploads\/2026\/03\/ergometr-1536x1152.jpg 1536w, https:\/\/minigym.club\/wp-content\/uploads\/2026\/03\/ergometr-2048x1536.jpg 2048w\" sizes=\"auto, (max-width: 1024px) 100vw, 1024px\" \/><\/figure>\n","protected":false},"excerpt":{"rendered":"<p>Studio treningu motorycznego &#8211; miniGYM.club &#8211; stworzy\u0142a para trener\u00f3w z wieloletnim do\u015bwiadczeniem &#8211; Jacek Jagodzi\u0144ski i Karolina Brzezi\u0144ska. Si\u0142ownia dost\u0119pna jest zar\u00f3wno dla os\u00f3b prywatnych jak i trener\u00f3w ze swoimi klientami. Chcieli\u015bmy stworzy\u0107 miejsce wyposa\u017cone w profesjonalny sprz\u0119t, pozwalaj\u0105ce w kameralnej przestrzeni realizowa\u0107 najwy\u017cszej jako\u015bci treningi motoryczne i personalne.Miejsce, kt\u00f3re b\u0119dzie te\u017c odpowiednie do pracy [&hellip;]<\/p>\n","protected":false},"author":1,"featured_media":0,"parent":0,"menu_order":0,"comment_status":"closed","ping_status":"closed","template":"","meta":{"footnotes":""},"class_list":["post-10","page","type-page","status-publish","hentry"],"_links":{"self":[{"href":"https:\/\/minigym.club\/index.php\/wp-json\/wp\/v2\/pages\/10","targetHints":{"allow":["GET"]}}],"collection":[{"href":"https:\/\/minigym.club\/index.php\/wp-json\/wp\/v2\/pages"}],"about":[{"href":"https:\/\/minigym.club\/index.php\/wp-json\/wp\/v2\/types\/page"}],"author":[{"embeddable":true,"href":"https:\/\/minigym.club\/index.php\/wp-json\/wp\/v2\/users\/1"}],"replies":[{"embeddable":true,"href":"https:\/\/minigym.club\/index.php\/wp-json\/wp\/v2\/comments?post=10"}],"version-history":[{"count":10,"href":"https:\/\/minigym.club\/index.php\/wp-json\/wp\/v2\/pages\/10\/revisions"}],"predecessor-version":[{"id":377,"href":"https:\/\/minigym.club\/index.php\/wp-json\/wp\/v2\/pages\/10\/revisions\/377"}],"wp:attachment":[{"href":"https:\/\/minigym.club\/index.php\/wp-json\/wp\/v2\/media?parent=10"}],"curies":[{"name":"wp","href":"https:\/\/api.w.org\/{rel}","templated":true}]}}