{"id":121,"date":"2026-01-11T16:33:19","date_gmt":"2026-01-11T15:33:19","guid":{"rendered":"http:\/\/minigym.club\/?page_id=121"},"modified":"2026-02-24T18:50:43","modified_gmt":"2026-02-24T17:50:43","slug":"faq-pytania-i-odpowiedzi","status":"publish","type":"page","link":"http:\/\/minigym.club\/index.php\/faq-pytania-i-odpowiedzi\/","title":{"rendered":"FAQ &#8211; pytania i odpowiedzi"},"content":{"rendered":"\n<p>JAK DOSTAN\u0118 SI\u0118 NA SI\u0141OWNI\u0118? CZY JEST RECEPCJA?<br>W naszym studiu nie ma recepcji. Rejestrujemy si\u0119 w systemie, rezerwujemy sal\u0119 do \u0107wicze\u0144, a drzwi wej\u015bciowe otworzymy za pomoc\u0105 swojego wcze\u015bniej utworzonego konta lub pobranej aplikacji Fitssey.<\/p>\n\n\n\n<p>CZY MOG\u0118 WEJ\u015a\u0106 WCZE\u015aNIEJ?<br>Tak, aplikacja pozwoli na wej\u015bcie 5 minut przed rozpocz\u0119ciem treningu.<\/p>\n\n\n\n<p>JAK SZYBKO MUSZ\u0118 WYJ\u015a\u0106 Z SI\u0141OWNI?<br>Aby kolejni klienci mieli komfort treningu, prosimy o mo\u017cliwie szybkie opuszczenie szatni i studia treningowego.<br><br>JAK DOKONUJ\u0118 REZERWACJI W MINI GYM?<br>Rezerwacje dokonywane s\u0105 poprzez nasz\u0105 <a href=\"https:\/\/app.fitssey.com\/minigymclub\/frontoffice\" target=\"_blank\" rel=\"noreferrer noopener\">stron\u0119 rezerwacyjn\u0105<\/a> lub aplikacj\u0119 Fitssey pobran\u0105 na telefon. Nale\u017cy za\u0142o\u017cy\u0107 konto, zrobi\u0107 rezerwacj\u0119, dokona\u0107 p\u0142atno\u015bci.<\/p>\n\n\n\n<p>KARTY MULTISPORT, MEDICOVER SPORT?<br>W tej chwili rozmawiamy z firmami Medicover, Multisport i innymi, aby umo\u017cliwi\u0107 naszym klientom korzystanie z kart sportowych.<\/p>\n\n\n\n<p>KIEDY OTWARTY JEST MINI GYM?<br>Jeste\u015bmy otwarci codziennie od 6:00 do 23:00.<br><br>CZY ORGANIZUJEMY ZAJ\u0118CIA GRUPOWE?<br>Tak, organizujemy zaj\u0119cia w mini grupach do 4 os\u00f3b. <br>Konkretne plany zaj\u0119\u0107 i rodzaje trening\u00f3w widoczne s\u0105 w aplikacji rezerwacyjnej oraz informujemy o nich na naszej stronie g\u0142\u00f3wnej.<br><br>CZY W MINI GYM S\u0104 KARNETY OPEN?<br>Nie, nasze studio treningowe ma inn\u0105 koncepcj\u0119 dzia\u0142alno\u015bci. <br>Preferujemy indywidualne treningi i dokonywanie rezerwacji na wy\u0142\u0105czno\u015b\u0107. Pragniemy zapewni\u0107 naszym klientom maksimum komfortu.<\/p>\n\n\n\n<p>CZY MUSZ\u0118 PODPISA\u0106 UMOW\u0118 Z KLUBEM?<br>Nie ma konieczno\u015bci podpisywania \u017cadnych um\u00f3w na zaj\u0119cia indywidualne lub w mini grupach. <\/p>\n\n\n\n<p>CZY S\u0104 WEJ\u015aCIA GRATISOWE?<br>Nie. Jeste\u015bmy przekonani, \u017ce nasi klienci b\u0119d\u0105 usatysfakcjonowani z naszego studia i ju\u017c od pierwszych trening\u00f3w poczuj\u0105 si\u0119 jak we w\u0142asnym sportowym domu. A pieni\u0105dze zainwestowane we w\u0142asne cia\u0142o b\u0119d\u0105 dobr\u0105 inwestycj\u0105.<\/p>\n\n\n\n<p>CZY NA MIEJSCU MO\u017bNA KUPI\u0106 NAPOJE?<br>Nie, w chwili obecnej nie prowadzimy sprzeda\u017cy napoj\u00f3w i od\u017cywek.<\/p>\n\n\n\n<p>CZY W MOMENCIE TRWANIA TRENINGU MOG\u0118 GO PRZED\u0141U\u017bY\u0106?<br>Tak. Je\u015bli tylko nasz gym b\u0119dzie wolny i nie ma kolejnej rezerwacji, to jak najbardziej.<\/p>\n\n\n\n<p>CZY W POBLI\u017bU S\u0104 MIEJSCA PARKINGOWE?<br>Tak, s\u0105 darmowe miejsca parkingowe blisko klubu. <\/p>\n\n\n\n<p>JAKIE JEST WYPOSA\u017bENIE SI\u0141OWNI? <br>Klub zosta\u0142 wyposa\u017cony w sprz\u0119t z najwy\u017cszej p\u00f3\u0142ki. Starannie dobrali\u015bmy najbardziej funkcjonalne sprz\u0119ty topowych producent\u00f3w fitness. Szczeg\u00f3\u0142ow\u0105 list\u0119 wyposa\u017cenia sali treningowej znajd\u0105 Pa\u0144stwo <a href=\"https:\/\/minigym.club\/index.php\/wyposazenie_minigym\/\">tutaj<\/a>.<\/p>\n\n\n\n<p>CZY JEST SZATNIA?<br>Tak, po wej\u015bciu zmieniamy obuwie i kierujemy si\u0119 w g\u0142\u0105b studia gdzie znajduje si\u0119 szatnia i toaleta (nie ma natrysku).<\/p>\n\n\n\n<p>CZY KLUB MA KLIMATYZACJ\u0118?<br>Tak, oczywi\u015bcie. A zim\u0105 mo\u017cna korzysta\u0107 z centralnego ogrzewania. Klub jest bardzo ciep\u0142y zim\u0105, a latem panuje temperatura zapewniaj\u0105ca komfort treningu.<\/p>\n\n\n\n<p>JAK ODWO\u0141A\u0106 TRENING?<br>Wszystkie zmiany dokonywane s\u0105 poprzez t\u0105 sam\u0105 aplikacj\u0119, kt\u00f3ra s\u0142u\u017cy\u0142a do rezerwacji. <\/p>\n\n\n\n<p><\/p>\n","protected":false},"excerpt":{"rendered":"<p>JAK DOSTAN\u0118 SI\u0118 NA SI\u0141OWNI\u0118? CZY JEST RECEPCJA?W naszym studiu nie ma recepcji. Rejestrujemy si\u0119 w systemie, rezerwujemy sal\u0119 do \u0107wicze\u0144, a drzwi wej\u015bciowe otworzymy za pomoc\u0105 swojego wcze\u015bniej utworzonego konta lub pobranej aplikacji Fitssey. CZY MOG\u0118 WEJ\u015a\u0106 WCZE\u015aNIEJ?Tak, aplikacja pozwoli na wej\u015bcie 5 minut przed rozpocz\u0119ciem treningu. JAK SZYBKO MUSZ\u0118 WYJ\u015a\u0106 Z SI\u0141OWNI?Aby kolejni [&hellip;]<\/p>\n","protected":false},"author":1,"featured_media":0,"parent":0,"menu_order":0,"comment_status":"closed","ping_status":"closed","template":"","meta":{"footnotes":""},"class_list":["post-121","page","type-page","status-publish","hentry"],"_links":{"self":[{"href":"http:\/\/minigym.club\/index.php\/wp-json\/wp\/v2\/pages\/121","targetHints":{"allow":["GET"]}}],"collection":[{"href":"http:\/\/minigym.club\/index.php\/wp-json\/wp\/v2\/pages"}],"about":[{"href":"http:\/\/minigym.club\/index.php\/wp-json\/wp\/v2\/types\/page"}],"author":[{"embeddable":true,"href":"http:\/\/minigym.club\/index.php\/wp-json\/wp\/v2\/users\/1"}],"replies":[{"embeddable":true,"href":"http:\/\/minigym.club\/index.php\/wp-json\/wp\/v2\/comments?post=121"}],"version-history":[{"count":7,"href":"http:\/\/minigym.club\/index.php\/wp-json\/wp\/v2\/pages\/121\/revisions"}],"predecessor-version":[{"id":219,"href":"http:\/\/minigym.club\/index.php\/wp-json\/wp\/v2\/pages\/121\/revisions\/219"}],"wp:attachment":[{"href":"http:\/\/minigym.club\/index.php\/wp-json\/wp\/v2\/media?parent=121"}],"curies":[{"name":"wp","href":"https:\/\/api.w.org\/{rel}","templated":true}]}}