{"id":112,"date":"2026-01-11T16:14:28","date_gmt":"2026-01-11T15:14:28","guid":{"rendered":"http:\/\/minigym.club\/?page_id=112"},"modified":"2026-04-03T18:25:40","modified_gmt":"2026-04-03T16:25:40","slug":"wspolpraca-z-trenerami","status":"publish","type":"page","link":"http:\/\/minigym.club\/index.php\/wspolpraca-z-trenerami\/","title":{"rendered":"Wsp\u00f3\u0142praca z trenerami"},"content":{"rendered":"\n<p>Zapraszamy do wsp\u00f3\u0142pracy trenerki i trener\u00f3w motorycznych, personalnych jak r\u00f3wnie\u017c wszystkich, kt\u00f3rzy potrzebuj\u0105 profesjonalnego studia treningowego!<\/p>\n\n\n\n<p>Zapraszamy te\u017c do wsp\u00f3\u0142pracy kluby sportowe. <br>Proponujemy nasz\u0105 wiedz\u0119 i do\u015bwiadczenie aby podnie\u015b\u0107 poziom motoryczny Waszych zawodnik\u00f3w.<br>Zapewniamy wsp\u00f3\u0142prac\u0119 w obszarach planowania i realizacji trening\u00f3w, monitoringu, analizy obci\u0105\u017ce\u0144 i intensywno\u015bci treningowych.<br>Przeprowadzamy testy motoryczne i dokonujemy analizy por\u00f3wnawczej na szerokiej bazie zawodnik\u00f3w r\u00f3\u017cnych dyscyplin i w r\u00f3\u017cnym wieku.<br>Je\u015bli trenerzy klubowi chc\u0105 w naszym studio realizowa\u0107 swoje treningi to r\u00f3wnie\u017c jest to mo\u017cliwe.<\/p>\n\n\n\n<p>A je\u015bli jeste\u015b rodzicem lub zawodnikiem, kt\u00f3ry potrzebuje do\u015bwiadczonych trener\u00f3w, aby sta\u0107 si\u0119 jeszcze lepszym w swojej dyscyplinie &#8211; to dobrze trafi\u0142e\u015b!<\/p>\n\n\n\n<p>Zapraszamy do kontaktu!<br><\/p>\n","protected":false},"excerpt":{"rendered":"<p>Zapraszamy do wsp\u00f3\u0142pracy trenerki i trener\u00f3w motorycznych, personalnych jak r\u00f3wnie\u017c wszystkich, kt\u00f3rzy potrzebuj\u0105 profesjonalnego studia treningowego! Zapraszamy te\u017c do wsp\u00f3\u0142pracy kluby sportowe. Proponujemy nasz\u0105 wiedz\u0119 i do\u015bwiadczenie aby podnie\u015b\u0107 poziom motoryczny Waszych zawodnik\u00f3w.Zapewniamy wsp\u00f3\u0142prac\u0119 w obszarach planowania i realizacji trening\u00f3w, monitoringu, analizy obci\u0105\u017ce\u0144 i intensywno\u015bci treningowych.Przeprowadzamy testy motoryczne i dokonujemy analizy por\u00f3wnawczej na szerokiej bazie [&hellip;]<\/p>\n","protected":false},"author":1,"featured_media":0,"parent":0,"menu_order":0,"comment_status":"closed","ping_status":"closed","template":"","meta":{"footnotes":""},"class_list":["post-112","page","type-page","status-publish","hentry"],"_links":{"self":[{"href":"http:\/\/minigym.club\/index.php\/wp-json\/wp\/v2\/pages\/112","targetHints":{"allow":["GET"]}}],"collection":[{"href":"http:\/\/minigym.club\/index.php\/wp-json\/wp\/v2\/pages"}],"about":[{"href":"http:\/\/minigym.club\/index.php\/wp-json\/wp\/v2\/types\/page"}],"author":[{"embeddable":true,"href":"http:\/\/minigym.club\/index.php\/wp-json\/wp\/v2\/users\/1"}],"replies":[{"embeddable":true,"href":"http:\/\/minigym.club\/index.php\/wp-json\/wp\/v2\/comments?post=112"}],"version-history":[{"count":4,"href":"http:\/\/minigym.club\/index.php\/wp-json\/wp\/v2\/pages\/112\/revisions"}],"predecessor-version":[{"id":134,"href":"http:\/\/minigym.club\/index.php\/wp-json\/wp\/v2\/pages\/112\/revisions\/134"}],"wp:attachment":[{"href":"http:\/\/minigym.club\/index.php\/wp-json\/wp\/v2\/media?parent=112"}],"curies":[{"name":"wp","href":"https:\/\/api.w.org\/{rel}","templated":true}]}}